{"id":3,"date":"2025-01-02T11:55:39","date_gmt":"2025-01-02T11:55:39","guid":{"rendered":"https:\/\/modave.presslayouts.com\/dummy\/?page_id=3"},"modified":"2026-02-22T16:00:47","modified_gmt":"2026-02-22T15:00:47","slug":"polityka-prywatnosci","status":"publish","type":"page","link":"https:\/\/maxta.pl\/en\/polityka-prywatnosci\/","title":{"rendered":"Polityka prywatno\u015bci"},"content":{"rendered":"<div data-elementor-type=\"wp-page\" data-elementor-id=\"3\" class=\"elementor elementor-3\" data-elementor-post-type=\"page\">\n\t\t\t\t<div class=\"elementor-element elementor-element-17c343ad e-con-full e-flex e-con e-parent\" data-id=\"17c343ad\" data-element_type=\"container\" data-e-type=\"container\">\n\t\t\t\t<div class=\"elementor-element elementor-element-15aef7d7 elementor-widget elementor-widget-text-editor\" data-id=\"15aef7d7\" data-element_type=\"widget\" data-e-type=\"widget\" data-widget_type=\"text-editor.default\">\n\t\t\t\t\t\t\t\t\t<h1 data-start=\"313\" data-end=\"378\"><strong data-start=\"315\" data-end=\"378\">Polityka Prywatno\u015bci sklepu internetowego Maxta (Maxstrefa)<\/strong><\/h1><h2 data-start=\"380\" data-end=\"403\">1. Informacje og\u00f3lne<\/h2><ol data-start=\"405\" data-end=\"1150\"><li data-start=\"405\" data-end=\"667\"><p data-start=\"408\" data-end=\"667\">Niniejsza Polityka Prywatno\u015bci okre\u015bla zasady przetwarzania danych osobowych oraz wykorzystywania plik\u00f3w cookies w zwi\u0105zku z korzystaniem ze sklepu internetowego <strong data-start=\"570\" data-end=\"579\">Maxta<\/strong>, dost\u0119pnego pod adresem: <strong data-start=\"605\" data-end=\"647\"><a class=\"decorated-link\" href=\"https:\/\/maxsta.pl\" target=\"_new\" rel=\"noopener\" data-start=\"607\" data-end=\"645\">https:\/\/maxsta.pl<\/a><\/strong> (dalej: \u201eSklep\u201d).<\/p><\/li><li data-start=\"668\" data-end=\"895\"><p data-start=\"671\" data-end=\"895\">Administratorem danych osobowych jest <strong data-start=\"709\" data-end=\"722\">Maxstrefa<\/strong>, z siedzib\u0105 przy ul. Powsta\u0144c\u00f3w Wielkopolskich 5D\/21, 80-457 Gda\u0144sk, adres e-mail: <strong data-start=\"806\" data-end=\"828\"><a class=\"decorated-link cursor-pointer\" rel=\"noopener\" data-start=\"808\" data-end=\"826\">info@maxstrefa.com<\/a><\/strong>, telefon: <strong data-start=\"839\" data-end=\"858\">+48 531 297 927<\/strong>\u00a0(dalej: \u201eAdministrator\u201d lub \u201eMy\u201d).<\/p><\/li><li data-start=\"896\" data-end=\"1150\"><p data-start=\"899\" data-end=\"1150\">Administrator dok\u0142ada najwy\u017cszej staranno\u015bci, aby dane osobowe U\u017cytkownik\u00f3w by\u0142y bezpieczne, przetwarzane zgodnie z obowi\u0105zuj\u0105cymi przepisami prawa, w tym Rozporz\u0105dzeniem Parlamentu Europejskiego i Rady (UE) 2016\/679 z dnia 27 kwietnia 2016 r. (RODO).<\/p><\/li><\/ol><hr data-start=\"1152\" data-end=\"1155\" \/><h2 data-start=\"1157\" data-end=\"1191\">2. Zakres przetwarzanych danych<\/h2><p data-start=\"1193\" data-end=\"1269\">Administrator mo\u017ce przetwarza\u0107 nast\u0119puj\u0105ce dane osobowe U\u017cytkownik\u00f3w Sklepu:<\/p><ul data-start=\"1271\" data-end=\"1496\"><li data-start=\"1271\" data-end=\"1291\"><p data-start=\"1273\" data-end=\"1291\">imi\u0119 i nazwisko,<\/p><\/li><li data-start=\"1292\" data-end=\"1309\"><p data-start=\"1294\" data-end=\"1309\">adres e-mail,<\/p><\/li><li data-start=\"1310\" data-end=\"1329\"><p data-start=\"1312\" data-end=\"1329\">numer telefonu,<\/p><\/li><li data-start=\"1330\" data-end=\"1370\"><p data-start=\"1332\" data-end=\"1370\">adres dostawy i adres rozliczeniowy,<\/p><\/li><li data-start=\"1371\" data-end=\"1415\"><p data-start=\"1373\" data-end=\"1415\">dane firmy (nazwa, NIP, adres siedziby),<\/p><\/li><li data-start=\"1416\" data-end=\"1445\"><p data-start=\"1418\" data-end=\"1445\">dane dotycz\u0105ce p\u0142atno\u015bci,<\/p><\/li><li data-start=\"1446\" data-end=\"1496\"><p data-start=\"1448\" data-end=\"1496\">adres IP oraz dane zapisywane w plikach cookies.<\/p><\/li><\/ul><p data-start=\"1498\" data-end=\"1689\">Dane te s\u0105 przetwarzane w celu realizacji zam\u00f3wie\u0144, obs\u0142ugi klient\u00f3w, prowadzenia konta u\u017cytkownika, wysy\u0142ki newslettera (po uzyskaniu zgody), a tak\u017ce w celach analitycznych i marketingowych.<\/p><hr data-start=\"1691\" data-end=\"1694\" \/><h2 data-start=\"1696\" data-end=\"1745\">3. Cele i podstawy prawne przetwarzania danych<\/h2><p data-start=\"1747\" data-end=\"1799\">Dane osobowe s\u0105 przetwarzane w nast\u0119puj\u0105cych celach:<\/p><div class=\"_tableContainer_1rjym_1\"><div class=\"group _tableWrapper_1rjym_13 flex w-fit flex-col-reverse\" tabindex=\"-1\"><table class=\"w-fit min-w-(--thread-content-width)\" data-start=\"1801\" data-end=\"2501\"><thead data-start=\"1801\" data-end=\"1863\"><tr data-start=\"1801\" data-end=\"1863\"><th data-start=\"1801\" data-end=\"1821\" data-col-size=\"md\">Cel przetwarzania<\/th><th data-start=\"1821\" data-end=\"1846\" data-col-size=\"md\">Podstawa prawna (RODO)<\/th><th data-start=\"1846\" data-end=\"1863\" data-col-size=\"sm\">Zakres danych<\/th><\/tr><\/thead><tbody data-start=\"1929\" data-end=\"2501\"><tr data-start=\"1929\" data-end=\"2061\"><td data-start=\"1929\" data-end=\"1990\" data-col-size=\"md\">Realizacja zam\u00f3wienia, wystawienie faktury, dostawa towaru<\/td><td data-col-size=\"md\" data-start=\"1990\" data-end=\"2021\">art. 6 ust. 1 lit. b (umowa)<\/td><td data-col-size=\"sm\" data-start=\"2021\" data-end=\"2061\">dane kontaktowe, adresowe, p\u0142atnicze<\/td><\/tr><tr data-start=\"2062\" data-end=\"2148\"><td data-start=\"2062\" data-end=\"2102\" data-col-size=\"md\">Obs\u0142uga zapyta\u0144, reklamacji i zwrot\u00f3w<\/td><td data-col-size=\"md\" data-start=\"2102\" data-end=\"2129\">art. 6 ust. 1 lit. b i c<\/td><td data-col-size=\"sm\" data-start=\"2129\" data-end=\"2148\">dane kontaktowe<\/td><\/tr><tr data-start=\"2149\" data-end=\"2245\"><td data-start=\"2149\" data-end=\"2191\" data-col-size=\"md\">Prowadzenie konta u\u017cytkownika w Sklepie<\/td><td data-col-size=\"md\" data-start=\"2191\" data-end=\"2214\">art. 6 ust. 1 lit. b<\/td><td data-col-size=\"sm\" data-start=\"2214\" data-end=\"2245\">dane logowania i kontaktowe<\/td><\/tr><tr data-start=\"2246\" data-end=\"2349\"><td data-start=\"2246\" data-end=\"2302\" data-col-size=\"md\">Marketing produkt\u00f3w marki <strong data-start=\"2274\" data-end=\"2283\">Maxta<\/strong>, w tym newsletter<\/td><td data-col-size=\"md\" data-start=\"2302\" data-end=\"2333\">art. 6 ust. 1 lit. a (zgoda)<\/td><td data-col-size=\"sm\" data-start=\"2333\" data-end=\"2349\">adres e-mail<\/td><\/tr><tr data-start=\"2350\" data-end=\"2501\"><td data-start=\"2350\" data-end=\"2413\" data-col-size=\"md\">Analiza statystyk, bezpiecze\u0144stwo strony, usprawnienie us\u0142ug<\/td><td data-col-size=\"md\" data-start=\"2413\" data-end=\"2473\">art. 6 ust. 1 lit. f (uzasadniony interes Administratora)<\/td><td data-col-size=\"sm\" data-start=\"2473\" data-end=\"2501\">dane techniczne, cookies<\/td><\/tr><\/tbody><\/table><\/div><\/div><hr data-start=\"2503\" data-end=\"2506\" \/><h2 data-start=\"2508\" data-end=\"2529\">4. Odbiorcy danych<\/h2><p data-start=\"2531\" data-end=\"2600\">Dane osobowe mog\u0105 by\u0107 przekazywane nast\u0119puj\u0105cym kategoriom podmiot\u00f3w:<\/p><ul data-start=\"2602\" data-end=\"2896\"><li data-start=\"2602\" data-end=\"2669\"><p data-start=\"2604\" data-end=\"2669\">firmom kurierskim i pocztowym \u2013 w celu dostarczenia zam\u00f3wienia,<\/p><\/li><li data-start=\"2670\" data-end=\"2726\"><p data-start=\"2672\" data-end=\"2726\">operatorom p\u0142atno\u015bci (np. Przelewy24, PayU, PayPal),<\/p><\/li><li data-start=\"2727\" data-end=\"2782\"><p data-start=\"2729\" data-end=\"2782\">dostawcom us\u0142ug IT, hostingu i system\u00f3w e-commerce,<\/p><\/li><li data-start=\"2783\" data-end=\"2837\"><p data-start=\"2785\" data-end=\"2837\">biuru rachunkowemu \u2013 w zakresie obs\u0142ugi ksi\u0119gowej,<\/p><\/li><li data-start=\"2838\" data-end=\"2896\"><p data-start=\"2840\" data-end=\"2896\">organom publicznym \u2013 je\u015bli wymagaj\u0105 tego przepisy prawa.<\/p><\/li><\/ul><p data-start=\"2898\" data-end=\"3090\">Administrator nie przekazuje danych osobowych poza Europejski Obszar Gospodarczy (EOG), chyba \u017ce jest to niezb\u0119dne do realizacji okre\u015blonej us\u0142ugi i przy zapewnieniu odpowiednich zabezpiecze\u0144.<\/p><hr data-start=\"3092\" data-end=\"3095\" \/><h2 data-start=\"3097\" data-end=\"3130\">5. Okres przechowywania danych<\/h2><p data-start=\"3132\" data-end=\"3162\">Dane osobowe s\u0105 przechowywane:<\/p><ul data-start=\"3164\" data-end=\"3417\"><li data-start=\"3164\" data-end=\"3219\"><p data-start=\"3166\" data-end=\"3219\">przez czas realizacji zam\u00f3wienia i obs\u0142ugi klienta,<\/p><\/li><li data-start=\"3220\" data-end=\"3292\"><p data-start=\"3222\" data-end=\"3292\">przez okres wymagany przepisami prawa podatkowego (zazwyczaj 5 lat),<\/p><\/li><li data-start=\"3293\" data-end=\"3369\"><p data-start=\"3295\" data-end=\"3369\">do momentu cofni\u0119cia zgody \u2013 w przypadku przetwarzania na jej podstawie,<\/p><\/li><li data-start=\"3370\" data-end=\"3417\"><p data-start=\"3372\" data-end=\"3417\">do czasu przedawnienia ewentualnych roszcze\u0144.<\/p><\/li><\/ul><hr data-start=\"3419\" data-end=\"3422\" \/><h2 data-start=\"3424\" data-end=\"3447\">6. Prawa U\u017cytkownika<\/h2><p data-start=\"3449\" data-end=\"3472\">U\u017cytkownik ma prawo do:<\/p><ul data-start=\"3474\" data-end=\"3813\"><li data-start=\"3474\" data-end=\"3513\"><p data-start=\"3476\" data-end=\"3513\">dost\u0119pu do swoich danych osobowych,<\/p><\/li><li data-start=\"3514\" data-end=\"3535\"><p data-start=\"3516\" data-end=\"3535\">ich sprostowania,<\/p><\/li><li data-start=\"3536\" data-end=\"3581\"><p data-start=\"3538\" data-end=\"3581\">usuni\u0119cia (\u201eprawo do bycia zapomnianym\u201d),<\/p><\/li><li data-start=\"3582\" data-end=\"3613\"><p data-start=\"3584\" data-end=\"3613\">ograniczenia przetwarzania,<\/p><\/li><li data-start=\"3614\" data-end=\"3663\"><p data-start=\"3616\" data-end=\"3663\">przenoszenia danych do innego administratora,<\/p><\/li><li data-start=\"3664\" data-end=\"3716\"><p data-start=\"3666\" data-end=\"3716\">wniesienia sprzeciwu wobec przetwarzania danych,<\/p><\/li><li data-start=\"3717\" data-end=\"3813\"><p data-start=\"3719\" data-end=\"3813\">cofni\u0119cia zgody w dowolnym momencie (bez wp\u0142ywu na zgodno\u015b\u0107 z wcze\u015bniejszym przetwarzaniem).<\/p><\/li><\/ul><p data-start=\"3815\" data-end=\"4025\">W celu realizacji tych praw mo\u017cna skontaktowa\u0107 si\u0119 z Administratorem pod adresem e-mail: <strong data-start=\"3904\" data-end=\"3926\"><a class=\"decorated-link cursor-pointer\" rel=\"noopener\" data-start=\"3906\" data-end=\"3924\">info@maxstrefa.com<\/a><\/strong>.<br data-start=\"3927\" data-end=\"3930\" \/>U\u017cytkownik ma tak\u017ce prawo wniesienia skargi do Prezesa Urz\u0119du Ochrony Danych Osobowych (PUODO).<\/p><hr data-start=\"4027\" data-end=\"4030\" \/><h2 data-start=\"4032\" data-end=\"4051\">7. Pliki cookies<\/h2><ol data-start=\"4053\" data-end=\"4927\"><li data-start=\"4053\" data-end=\"4247\"><p data-start=\"4056\" data-end=\"4247\">Sklep <strong data-start=\"4062\" data-end=\"4091\">Maxta (<a class=\"decorated-link\" href=\"https:\/\/maxsta.pl\" target=\"_new\" rel=\"noopener\" data-start=\"4071\" data-end=\"4088\">https:\/\/maxsta.pl<\/a>)<\/strong> korzysta z plik\u00f3w cookies w celu zapewnienia prawid\u0142owego dzia\u0142ania strony, personalizacji tre\u015bci, analizy ruchu oraz prowadzenia dzia\u0142a\u0144 marketingowych.<\/p><\/li><li data-start=\"4248\" data-end=\"4396\"><p data-start=\"4251\" data-end=\"4396\">Cookies to niewielkie pliki tekstowe zapisywane na urz\u0105dzeniu U\u017cytkownika, kt\u00f3re umo\u017cliwiaj\u0105 rozpoznanie go przy ponownych odwiedzinach Sklepu.<\/p><\/li><li data-start=\"4397\" data-end=\"4763\"><p data-start=\"4400\" data-end=\"4448\">Stosowane s\u0105 nast\u0119puj\u0105ce rodzaje plik\u00f3w cookies:<\/p><ul data-start=\"4452\" data-end=\"4763\"><li data-start=\"4452\" data-end=\"4540\"><p data-start=\"4454\" data-end=\"4540\"><strong data-start=\"4454\" data-end=\"4467\">Niezb\u0119dne<\/strong> \u2013 umo\u017cliwiaj\u0105ce prawid\u0142owe funkcjonowanie strony i sk\u0142adanie zam\u00f3wie\u0144,<\/p><\/li><li data-start=\"4544\" data-end=\"4658\"><p data-start=\"4546\" data-end=\"4658\"><strong data-start=\"4546\" data-end=\"4561\">Analityczne<\/strong> \u2013 pomagaj\u0105ce zrozumie\u0107, w jaki spos\u00f3b U\u017cytkownicy korzystaj\u0105 ze strony (np. Google Analytics),<\/p><\/li><li data-start=\"4662\" data-end=\"4763\"><p data-start=\"4664\" data-end=\"4763\"><strong data-start=\"4664\" data-end=\"4680\">Marketingowe<\/strong> \u2013 wykorzystywane do personalizacji reklam (np. Meta\/Facebook Pixel, Google Ads).<\/p><\/li><\/ul><\/li><li data-start=\"4764\" data-end=\"4927\"><p data-start=\"4767\" data-end=\"4927\">U\u017cytkownik mo\u017ce w ka\u017cdej chwili zmieni\u0107 ustawienia dotycz\u0105ce cookies w swojej przegl\u0105darce. Ograniczenie ich stosowania mo\u017ce wp\u0142yn\u0105\u0107 na niekt\u00f3re funkcje Sklepu.<\/p><\/li><\/ol><hr data-start=\"4929\" data-end=\"4932\" \/><h2 data-start=\"4934\" data-end=\"4961\">8. Bezpiecze\u0144stwo danych<\/h2><p data-start=\"4963\" data-end=\"5228\">Administrator stosuje odpowiednie \u015brodki techniczne i organizacyjne w celu ochrony danych osobowych przed nieautoryzowanym dost\u0119pem, utrat\u0105, zmian\u0105 lub zniszczeniem.<br data-start=\"5128\" data-end=\"5131\" \/>Wszystkie dane s\u0105 przechowywane w spos\u00f3b poufny, z u\u017cyciem bezpiecznych system\u00f3w informatycznych.<\/p><hr data-start=\"5230\" data-end=\"5233\" \/><h2 data-start=\"5235\" data-end=\"5268\">9. Zmiany Polityki Prywatno\u015bci<\/h2><p data-start=\"5270\" data-end=\"5584\">Administrator zastrzega sobie prawo do wprowadzania zmian w niniejszej Polityce Prywatno\u015bci, je\u015bli b\u0119dzie to wymagane przez przepisy prawa lub zmiany technologiczne.<br data-start=\"5435\" data-end=\"5438\" \/>Aktualna wersja dokumentu jest zawsze dost\u0119pna na stronie: <strong data-start=\"5497\" data-end=\"5581\"><a class=\"decorated-link cursor-pointer\" target=\"_new\" rel=\"noopener\" data-start=\"5499\" data-end=\"5579\">https:\/\/maxsta.pl\/polityka-prywatnosci<\/a><\/strong>.<\/p><p data-start=\"5586\" data-end=\"5642\">Data ostatniej aktualizacji: <strong data-start=\"5615\" data-end=\"5642\">12 pa\u017adziernika 2025 r.<\/strong><\/p><hr data-start=\"5644\" data-end=\"5647\" \/><p data-start=\"5649\" data-end=\"5864\">\ud83d\udcc4 <strong data-start=\"5652\" data-end=\"5677\">Administrator danych:<\/strong><br data-start=\"5677\" data-end=\"5680\" \/><strong data-start=\"5680\" data-end=\"5693\">Maxstrefa<\/strong> \u2013 w\u0142a\u015bciciel marki <strong data-start=\"5713\" data-end=\"5722\">Maxta<\/strong><br data-start=\"5722\" data-end=\"5725\" \/>ul. Powsta\u0144c\u00f3w Wielkopolskich 5D\/21, 80-457 Gda\u0144sk<br data-start=\"5775\" data-end=\"5778\" \/>\ud83d\udce7 <a class=\"decorated-link cursor-pointer\" rel=\"noopener\" data-start=\"5781\" data-end=\"5799\">info@maxstrefa.com<\/a><br data-start=\"5799\" data-end=\"5802\" \/>\ud83d\udcde +48 691 223 269<br data-start=\"5820\" data-end=\"5823\" \/>\ud83c\udf10 <a class=\"decorated-link\" href=\"https:\/\/maxsta.pl\" target=\"_new\" rel=\"noopener\" data-start=\"5826\" data-end=\"5864\">https:\/\/maxsta.pl<\/a><\/p>\t\t\t\t\t\t\t\t<\/div>\n\t\t\t\t<\/div>\n\t\t\t\t<\/div>","protected":false},"excerpt":{"rendered":"<p>Polityka Prywatno\u015bci sklepu internetowego Maxta (Maxstrefa) 1. Informacje og\u00f3lne Niniejsza Polityka Prywatno\u015bci okre\u015bla zasady przetwarzania danych osobowych oraz wykorzystywania plik\u00f3w cookies w zwi\u0105zku z korzystaniem ze sklepu internetowego Maxta, dost\u0119pnego<\/p>","protected":false},"author":1,"featured_media":0,"parent":0,"menu_order":0,"comment_status":"closed","ping_status":"closed","template":"","meta":{"footnotes":""},"class_list":["post-3","page","type-page","status-publish","hentry"],"_links":{"self":[{"href":"https:\/\/maxta.pl\/en\/wp-json\/wp\/v2\/pages\/3","targetHints":{"allow":["GET"]}}],"collection":[{"href":"https:\/\/maxta.pl\/en\/wp-json\/wp\/v2\/pages"}],"about":[{"href":"https:\/\/maxta.pl\/en\/wp-json\/wp\/v2\/types\/page"}],"author":[{"embeddable":true,"href":"https:\/\/maxta.pl\/en\/wp-json\/wp\/v2\/users\/1"}],"replies":[{"embeddable":true,"href":"https:\/\/maxta.pl\/en\/wp-json\/wp\/v2\/comments?post=3"}],"version-history":[{"count":13,"href":"https:\/\/maxta.pl\/en\/wp-json\/wp\/v2\/pages\/3\/revisions"}],"predecessor-version":[{"id":3326,"href":"https:\/\/maxta.pl\/en\/wp-json\/wp\/v2\/pages\/3\/revisions\/3326"}],"wp:attachment":[{"href":"https:\/\/maxta.pl\/en\/wp-json\/wp\/v2\/media?parent=3"}],"curies":[{"name":"wp","href":"https:\/\/api.w.org\/{rel}","templated":true}]}}