{"id":94,"date":"2025-01-06T05:05:16","date_gmt":"2025-01-06T05:05:16","guid":{"rendered":"https:\/\/modave.presslayouts.com\/dummy\/cart\/"},"modified":"2025-10-12T22:50:51","modified_gmt":"2025-10-12T20:50:51","slug":"koszyk","status":"publish","type":"page","link":"https:\/\/maxta.pl\/en\/koszyk\/","title":{"rendered":"Koszyk"},"content":{"rendered":"<div data-block-name=\"woocommerce\/cart\" class=\"wp-block-woocommerce-cart alignwide is-loading wc-block-cart\">\n<div data-block-name=\"woocommerce\/filled-cart-block\" class=\"wp-block-woocommerce-filled-cart-block\">\n<div data-block-name=\"woocommerce\/cart-items-block\" class=\"wp-block-woocommerce-cart-items-block\">\n<div data-block-name=\"woocommerce\/cart-line-items-block\" class=\"wp-block-woocommerce-cart-line-items-block\"><\/div>\n\n\n<\/div>\n\n\n\n<div data-block-name=\"woocommerce\/cart-totals-block\" class=\"wp-block-woocommerce-cart-totals-block\">\n<div data-block-name=\"woocommerce\/cart-order-summary-block\" class=\"wp-block-woocommerce-cart-order-summary-block\">\n<div data-block-name=\"woocommerce\/cart-order-summary-heading-block\" data-content=\"Podsumowanie koszyka\" class=\"wp-block-woocommerce-cart-order-summary-heading-block\"><\/div>\n\n\n\n<div data-block-name=\"woocommerce\/cart-order-summary-coupon-form-block\" class=\"wp-block-woocommerce-cart-order-summary-coupon-form-block\"><\/div>\n\n\n\n<div data-block-name=\"woocommerce\/cart-order-summary-totals-block\" class=\"wp-block-woocommerce-cart-order-summary-totals-block\">\n<div data-block-name=\"woocommerce\/cart-order-summary-subtotal-block\" class=\"wp-block-woocommerce-cart-order-summary-subtotal-block\"><\/div>\n\n\n\n<div data-block-name=\"woocommerce\/cart-order-summary-fee-block\" class=\"wp-block-woocommerce-cart-order-summary-fee-block\"><\/div>\n\n\n\n<div data-block-name=\"woocommerce\/cart-order-summary-discount-block\" class=\"wp-block-woocommerce-cart-order-summary-discount-block\"><\/div>\n\n\n\n<div data-block-name=\"woocommerce\/cart-order-summary-shipping-block\" class=\"wp-block-woocommerce-cart-order-summary-shipping-block\"><\/div>\n\n\n\n<div data-block-name=\"woocommerce\/cart-order-summary-taxes-block\" class=\"wp-block-woocommerce-cart-order-summary-taxes-block\"><\/div>\n<\/div>\n<\/div>\n\n\n\n<div data-block-name=\"woocommerce\/cart-express-payment-block\" class=\"wp-block-woocommerce-cart-express-payment-block\"><\/div>\n\n\n\n<div data-block-name=\"woocommerce\/proceed-to-checkout-block\" class=\"wp-block-woocommerce-proceed-to-checkout-block\"><\/div>\n\n\n\n<div data-block-name=\"woocommerce\/cart-accepted-payment-methods-block\" class=\"wp-block-woocommerce-cart-accepted-payment-methods-block\"><\/div>\n<\/div>\n<\/div>\n\n\n\n<div data-block-name=\"woocommerce\/empty-cart-block\" class=\"wp-block-woocommerce-empty-cart-block\">\n<h2 class=\"wp-block-heading has-text-align-center with-empty-cart-icon wc-block-cart__empty-cart__title\">Tw\u00f3j koszyk jest obecnie pusty!<\/h2>\n\n\n\n<p class=\"has-text-align-center\"><a href=\"https:\/\/maxta.pl\/en\/sklep\/\">Przegl\u0105daj sklep<\/a><\/p>\n\n\n\n<hr class=\"wp-block-separator has-alpha-channel-opacity is-style-dots\"\/>\n\n\n\n<h2 class=\"wp-block-heading has-text-align-center\">Nowe w sklepie<\/h2>\n\n\n<div data-block-name=\"woocommerce\/product-new\" data-columns=\"4\" data-rows=\"1\" class=\"wc-block-grid wp-block-product-new wp-block-woocommerce-product-new wc-block-product-new has-4-columns\"><ul class=\"wc-block-grid__products\"><li class=\"wc-block-grid__product\">\n\t\t\t\t<a href=\"https:\/\/maxta.pl\/en\/product\/worki-do-kuwety-automatycznej-45-sztuk-3-rolki-mocne-wytrzymale-z-tasma\/\" class=\"wc-block-grid__product-link\">\n\t\t\t\t\t\n\t\t\t\t\t<div class=\"wc-block-grid__product-image\"><img fetchpriority=\"high\" decoding=\"async\" width=\"420\" height=\"315\" src=\"https:\/\/maxta.pl\/wp-content\/uploads\/2026\/01\/5ec98f53-f3dc-4007-8e86-e88ff7633c60.jpeg\" class=\"attachment-woocommerce_thumbnail size-woocommerce_thumbnail\" alt=\"WORKI DO KUWETY AUTOMATYCZNEJ 45 sztuk (3 rolki) MOCNE WYTRZYMA\u0141E Z TA\u015aM\u0104\" srcset=\"https:\/\/maxta.pl\/wp-content\/uploads\/2026\/01\/5ec98f53-f3dc-4007-8e86-e88ff7633c60.jpeg 960w, https:\/\/maxta.pl\/wp-content\/uploads\/2026\/01\/5ec98f53-f3dc-4007-8e86-e88ff7633c60-90x68.jpeg 90w\" sizes=\"(max-width: 420px) 100vw, 420px\" \/><\/div>\n\t\t\t\t\t<div class=\"wc-block-grid__product-title\">WORKI DO KUWETY AUTOMATYCZNEJ 45 sztuk (3 rolki) MOCNE WYTRZYMA\u0141E Z TA\u015aM\u0104<\/div>\n\t\t\t\t<\/a>\n\t\t\t\t<div class=\"wc-block-grid__product-price price\"><span class=\"woocommerce-Price-amount amount\">45,00&nbsp;<span class=\"woocommerce-Price-currencySymbol\">&#122;&#322;<\/span><\/span><\/div>\n\t\t\t\t\n\t\t\t\t<div class=\"wp-block-button wc-block-grid__product-add-to-cart\"><a href=\"\/en\/wp-json\/wp\/v2\/pages\/94?add-to-cart=3128\" aria-label=\"Add to basket: \u201cWORKI DO KUWETY AUTOMATYCZNEJ 45 sztuk (3 rolki) MOCNE WYTRZYMA\u0141E Z TA\u015aM\u0104\u201d\" data-quantity=\"1\" data-product_id=\"3128\" data-product_sku=\"18184273729\" data-price=\"45\" rel=\"nofollow\" class=\"wp-block-button__link  add_to_cart_button ajax_add_to_cart\" data-no-translation=\"\" data-trp-gettext=\"\" data-no-translation-aria-label=\"\">Add to basket<\/a><\/div>\n\t\t\t<\/li><li class=\"wc-block-grid__product\">\n\t\t\t\t<a href=\"https:\/\/maxta.pl\/en\/product\/butelka-miska-wode-karme-poidlo-dla-psa-smaczki-turystyczne-200150180ml-f\/\" class=\"wc-block-grid__product-link\">\n\t\t\t\t\t\n\t\t\t\t\t<div class=\"wc-block-grid__product-image\"><img decoding=\"async\" width=\"420\" height=\"315\" src=\"https:\/\/maxta.pl\/wp-content\/uploads\/2026\/01\/9fbf0bbf-2820-433e-a6b5-16c6e6db9b35.jpeg\" class=\"attachment-woocommerce_thumbnail size-woocommerce_thumbnail\" alt=\"BUTELKA MISKA WOD\u0118 KARM\u0118 POID\u0141O DLA PSA SMACZKI TURYSTYCZNE 200+150+180ml F\" srcset=\"https:\/\/maxta.pl\/wp-content\/uploads\/2026\/01\/9fbf0bbf-2820-433e-a6b5-16c6e6db9b35.jpeg 960w, https:\/\/maxta.pl\/wp-content\/uploads\/2026\/01\/9fbf0bbf-2820-433e-a6b5-16c6e6db9b35-90x68.jpeg 90w\" sizes=\"(max-width: 420px) 100vw, 420px\" \/><\/div>\n\t\t\t\t\t<div class=\"wc-block-grid__product-title\">BUTELKA MISKA WOD\u0118 KARM\u0118 POID\u0141O DLA PSA SMACZKI TURYSTYCZNE 200+150+180ml F<\/div>\n\t\t\t\t<\/a>\n\t\t\t\t<div class=\"wc-block-grid__product-price price\"><span class=\"woocommerce-Price-amount amount\">37,99&nbsp;<span class=\"woocommerce-Price-currencySymbol\">&#122;&#322;<\/span><\/span><\/div>\n\t\t\t\t\n\t\t\t\t<div class=\"wp-block-button wc-block-grid__product-add-to-cart\"><a href=\"\/en\/wp-json\/wp\/v2\/pages\/94?add-to-cart=3127\" aria-label=\"Add to basket: \u201cBUTELKA MISKA WOD\u0118 KARM\u0118 POID\u0141O DLA PSA SMACZKI TURYSTYCZNE 200+150+180ml F\u201d\" data-quantity=\"1\" data-product_id=\"3127\" data-product_sku=\"18180655692\" data-price=\"37.99\" rel=\"nofollow\" class=\"wp-block-button__link  add_to_cart_button ajax_add_to_cart\" data-no-translation=\"\" data-trp-gettext=\"\" data-no-translation-aria-label=\"\">Add to basket<\/a><\/div>\n\t\t\t<\/li><li class=\"wc-block-grid__product\">\n\t\t\t\t<a href=\"https:\/\/maxta.pl\/en\/product\/butelka-miska-wode-karme-poidlo-dla-psa-smaczki-turystyczne-200150180ml-w\/\" class=\"wc-block-grid__product-link\">\n\t\t\t\t\t\n\t\t\t\t\t<div class=\"wc-block-grid__product-image\"><img decoding=\"async\" width=\"420\" height=\"315\" src=\"https:\/\/maxta.pl\/wp-content\/uploads\/2026\/01\/23a4d1ea-2399-45d5-8379-6bbb1a0a2889.jpeg\" class=\"attachment-woocommerce_thumbnail size-woocommerce_thumbnail\" alt=\"BUTELKA MISKA WOD\u0118 KARM\u0118 POID\u0141O DLA PSA SMACZKI TURYSTYCZNE 200+150+180ml W\" srcset=\"https:\/\/maxta.pl\/wp-content\/uploads\/2026\/01\/23a4d1ea-2399-45d5-8379-6bbb1a0a2889.jpeg 960w, https:\/\/maxta.pl\/wp-content\/uploads\/2026\/01\/23a4d1ea-2399-45d5-8379-6bbb1a0a2889-90x68.jpeg 90w\" sizes=\"(max-width: 420px) 100vw, 420px\" \/><\/div>\n\t\t\t\t\t<div class=\"wc-block-grid__product-title\">BUTELKA MISKA WOD\u0118 KARM\u0118 POID\u0141O DLA PSA SMACZKI TURYSTYCZNE 200+150+180ml W<\/div>\n\t\t\t\t<\/a>\n\t\t\t\t<div class=\"wc-block-grid__product-price price\"><span class=\"woocommerce-Price-amount amount\">37,99&nbsp;<span class=\"woocommerce-Price-currencySymbol\">&#122;&#322;<\/span><\/span><\/div>\n\t\t\t\t\n\t\t\t\t<div class=\"wp-block-button wc-block-grid__product-add-to-cart\"><a href=\"\/en\/wp-json\/wp\/v2\/pages\/94?add-to-cart=3126\" aria-label=\"Add to basket: \u201cBUTELKA MISKA WOD\u0118 KARM\u0118 POID\u0141O DLA PSA SMACZKI TURYSTYCZNE 200+150+180ml W\u201d\" data-quantity=\"1\" data-product_id=\"3126\" data-product_sku=\"18179414340\" data-price=\"37.99\" rel=\"nofollow\" class=\"wp-block-button__link  add_to_cart_button ajax_add_to_cart\" data-no-translation=\"\" data-trp-gettext=\"\" data-no-translation-aria-label=\"\">Add to basket<\/a><\/div>\n\t\t\t<\/li><li class=\"wc-block-grid__product\">\n\t\t\t\t<a href=\"https:\/\/maxta.pl\/en\/product\/lokalizator-x-2-bluetooth-smart-tag-do-bagazu-android-i-ios-find-my\/\" class=\"wc-block-grid__product-link\">\n\t\t\t\t\t\n\t\t\t\t\t<div class=\"wc-block-grid__product-image\"><img loading=\"lazy\" decoding=\"async\" width=\"420\" height=\"315\" src=\"https:\/\/maxta.pl\/wp-content\/uploads\/2026\/01\/0ec1af44-5697-45d5-81d7-acf002d707c6-420x315.jpeg\" class=\"attachment-woocommerce_thumbnail size-woocommerce_thumbnail\" alt=\"Lokalizator x 2 Bluetooth Smart Tag do baga\u017cu | Android i iOS | Find My\" srcset=\"https:\/\/maxta.pl\/wp-content\/uploads\/2026\/01\/0ec1af44-5697-45d5-81d7-acf002d707c6-420x315.jpeg 420w, https:\/\/maxta.pl\/wp-content\/uploads\/2026\/01\/0ec1af44-5697-45d5-81d7-acf002d707c6-427x320.jpeg 427w, https:\/\/maxta.pl\/wp-content\/uploads\/2026\/01\/0ec1af44-5697-45d5-81d7-acf002d707c6-853x640.jpeg 853w, https:\/\/maxta.pl\/wp-content\/uploads\/2026\/01\/0ec1af44-5697-45d5-81d7-acf002d707c6-768x576.jpeg 768w, https:\/\/maxta.pl\/wp-content\/uploads\/2026\/01\/0ec1af44-5697-45d5-81d7-acf002d707c6-16x12.jpeg 16w, https:\/\/maxta.pl\/wp-content\/uploads\/2026\/01\/0ec1af44-5697-45d5-81d7-acf002d707c6-720x540.jpeg 720w, https:\/\/maxta.pl\/wp-content\/uploads\/2026\/01\/0ec1af44-5697-45d5-81d7-acf002d707c6-90x68.jpeg 90w, https:\/\/maxta.pl\/wp-content\/uploads\/2026\/01\/0ec1af44-5697-45d5-81d7-acf002d707c6.jpeg 960w\" sizes=\"(max-width: 420px) 100vw, 420px\" \/><\/div>\n\t\t\t\t\t<div class=\"wc-block-grid__product-title\">Lokalizator x 2 Bluetooth Smart Tag do baga\u017cu | Android i iOS | Find My<\/div>\n\t\t\t\t<\/a>\n\t\t\t\t<div class=\"wc-block-grid__product-price price\"><span class=\"woocommerce-Price-amount amount\">45,00&nbsp;<span class=\"woocommerce-Price-currencySymbol\">&#122;&#322;<\/span><\/span><\/div>\n\t\t\t\t\n\t\t\t\t<div class=\"wp-block-button wc-block-grid__product-add-to-cart\"><a href=\"\/en\/wp-json\/wp\/v2\/pages\/94?add-to-cart=3125\" aria-label=\"Add to basket: \u201cLokalizator x 2 Bluetooth Smart Tag do baga\u017cu | Android i iOS | Find My\u201d\" data-quantity=\"1\" data-product_id=\"3125\" data-product_sku=\"18170259123\" data-price=\"45\" rel=\"nofollow\" class=\"wp-block-button__link  add_to_cart_button ajax_add_to_cart\" data-no-translation=\"\" data-trp-gettext=\"\" data-no-translation-aria-label=\"\">Add to basket<\/a><\/div>\n\t\t\t<\/li><\/ul><\/div><\/div>\n<\/div>","protected":false},"excerpt":{"rendered":"","protected":false},"author":1,"featured_media":0,"parent":0,"menu_order":0,"comment_status":"closed","ping_status":"closed","template":"","meta":{"footnotes":""},"class_list":["post-94","page","type-page","status-publish","hentry"],"_links":{"self":[{"href":"https:\/\/maxta.pl\/en\/wp-json\/wp\/v2\/pages\/94","targetHints":{"allow":["GET"]}}],"collection":[{"href":"https:\/\/maxta.pl\/en\/wp-json\/wp\/v2\/pages"}],"about":[{"href":"https:\/\/maxta.pl\/en\/wp-json\/wp\/v2\/types\/page"}],"author":[{"embeddable":true,"href":"https:\/\/maxta.pl\/en\/wp-json\/wp\/v2\/users\/1"}],"replies":[{"embeddable":true,"href":"https:\/\/maxta.pl\/en\/wp-json\/wp\/v2\/comments?post=94"}],"version-history":[{"count":3,"href":"https:\/\/maxta.pl\/en\/wp-json\/wp\/v2\/pages\/94\/revisions"}],"predecessor-version":[{"id":2799,"href":"https:\/\/maxta.pl\/en\/wp-json\/wp\/v2\/pages\/94\/revisions\/2799"}],"wp:attachment":[{"href":"https:\/\/maxta.pl\/en\/wp-json\/wp\/v2\/media?parent=94"}],"curies":[{"name":"wp","href":"https:\/\/api.w.org\/{rel}","templated":true}]}}