{"id":3009,"date":"2026-01-22T22:51:22","date_gmt":"2026-01-22T21:51:22","guid":{"rendered":"https:\/\/maxta.pl\/product\/plecak-motocyklowy-led-z-wyswietlaczem-tygrys-aplikacja-bluetooth-maxta\/"},"modified":"2026-02-08T17:40:07","modified_gmt":"2026-02-08T16:40:07","slug":"plecak-motocyklowy-led-z-wyswietlaczem-tygrys-aplikacja-bluetooth-maxta","status":"publish","type":"product","link":"https:\/\/maxta.pl\/en\/product\/plecak-motocyklowy-led-z-wyswietlaczem-tygrys-aplikacja-bluetooth-maxta\/","title":{"rendered":"PLECAK MOTOCYKLOWY LED Z WY\u015aWIETLACZEM TYGRYS APLIKACJA BLUETOOTH MAXTA"},"content":{"rendered":"<h1>PLECAK NA KASK LED Z WY\u015aWIETLACZEM TYGRYS APLIKACJA BLUETOOTH MAXTA<\/h1>\n<p>\u27a1\ufe0f Plecak\u00a0<b>BLACK NIGHT z wy\u015bwietlaczem LED na kask<\/b>\u00a0to po\u0142\u0105czenie nowoczesnego stylu i funkcjonalno\u015bci. Wbudowany LED pozwala wy\u015bwietla\u0107 obrazy, teksty oraz animacje, dzi\u0119ki czemu mo\u017cesz wyr\u00f3\u017cnia\u0107 si\u0119 w ka\u017cdej sytuacji i wyra\u017ca\u0107 sw\u00f3j indywidualny styl.<\/p>\n<p>\u27a1\ufe0f <b>Unikalny motyw tygrysa nadaje plecakowi charakteru i doskonale wpisuje si\u0119 w miejski klimat. <\/b>Ergonomiczna konstrukcja z oddychaj\u0105cym materia\u0142em oraz regulowanymi paskami zapewnia wygod\u0119 podczas noszenia, nawet przy d\u0142u\u017cszych trasach.<\/p>\n<p>\u27a1\ufe0f <b>Pojemne wn\u0119trze bez problemu pomie\u015bci laptopa 15,6\u201d<\/b>, kask czy lekk\u0105 odzie\u017c, a liczne przegr\u00f3dki umo\u017cliwiaj\u0105 wygodne przechowywanie telefonu, portfela, kluczy czy tabletu. To praktyczne i jednocze\u015bnie efektowne akcesorium, kt\u00f3re \u0142\u0105czy<b> nowoczesn\u0105 technologi\u0119 z codziennym komfortem.<\/b><\/p>\n<p><b>\u2705 Idealny dla motocyklist\u00f3w <\/b>&#8211; Dzi\u0119ki swojej pojemno\u015bci i solidnej budowie plecak \u015bwietnie sprawdza si\u0119 podczas jazdy na motocyklu. Jest wystarczaj\u0105co du\u017cy, aby zmie\u015bci\u0107 w nim kask, a jednocze\u015bnie zapewnia wygod\u0119 i bezpiecze\u0144stwo w trakcie podr\u00f3\u017cy.<\/p>\n<h2>\u2705 Specyfikacja:<\/h2>\n<p><\/br><\/p>\n<ul><\/br><\/p>\n<li><b>Wy\u015bwietlacz LED:<\/b> 48*48 piksele, 7*10.5*9.5*6.5 cm<\/li>\n<p><\/br><\/p>\n<li><b>Wymiary plecaka:<\/b> 36x18x48 cm<\/li>\n<p><\/br><\/p>\n<li><b>Wymiar wewn\u0119trzny po zwi\u0119kszeniu przestrzenii: <\/b>szeroko\u015b\u0107: 26cm, g\u0142\u0119boko\u015b\u0107: 25cm<\/li>\n<p><\/br><\/p>\n<li><b>Waga: <\/b>1,7kg<\/li>\n<p><\/br><\/p>\n<li><b>Zasilanie:<\/b> USB 5 V\/2 A (zalecana pojemno\u015b\u0107 powerbank: co najmniej 10 000 mAh)<\/li>\n<p><\/br><\/p>\n<li><b>Zgodno\u015b\u0107 z aplikacj\u0105:<\/b> iOS powy\u017cej 10.0 \/ Android powy\u017cej 8.0<\/li>\n<p><\/br><\/p>\n<li><b>\u0141\u0105czno\u015b\u0107:<\/b> Bluetooth minimum 5.0<\/li>\n<p><\/br><\/p>\n<li><b>Pami\u0119\u0107 wbudowana: <\/b>128 MB, przechowywanie ok 80-90 program\u00f3w.<\/li>\n<p><\/br><\/p>\n<li><b>Ograniczenia dla plik\u00f3w: <\/b>filmy maksymalnie 5 sekund i 5 MB<\/li>\n<p><\/br><\/p>\n<li><b>Materia\u0142:<\/b><b> <\/b>ABS,PC, 1680pvc<\/li>\n<p><\/br><\/ul>\n<h2>\u27a1\ufe0f Cechy:<\/h2>\n<p><b>\u2714\ufe0f Wy\u015bwietlacz LED<\/b> \u2013 obs\u0142uguje obrazy, tekst oraz pliki GIF.<\/p>\n<p><b>\u2714\ufe0f Regulacja<\/b> \u2013 paski na ramionach i klamry w talii s\u0105 w pe\u0142ni regulowane, co pozwala idealnie dopasowa\u0107 plecak do sylwetki i potrzeb.<\/p>\n<p><b>\u2714\ufe0f Komfort u\u017cytkowania<\/b> \u2013 ergonomiczna konstrukcja z podparciem plec\u00f3w oraz oddychaj\u0105cym materia\u0142em.<\/p>\n<p><b>\u2714\ufe0f Przestrze\u0144 i organizacja<\/b> \u2013 Liczne, niezale\u017cne przegr\u00f3dki u\u0142atwiaj\u0105 uporz\u0105dkowane przechowywanie rzeczy osobistych.<\/p>\n<p><b>\u2714\ufe0f Du\u017ca pojemno\u015b\u0107 &#8211;\u00a0<\/b>Plecak jest przeznaczony dla motocyklist\u00f3w i pomie\u015bci m.in. kask.<\/p>\n<h2>\u27a1\ufe0f Zawarto\u015b\u0107 opakowania:<\/h2>\n<ul>\n<li>Plecak Black Night z wy\u015bwietlaczem LED<\/li>\n<li>Instrukcja obs\u0142ugi<\/li>\n<\/ul>\n<h2>\u2705 Aplikacja:<\/h2>\n<p><\/br><\/p>\n<p>Plecak Black Night z wy\u015bwietlaczem LED umo\u017cliwia wy\u015bwietlanie <b>obraz\u00f3w i animacji<\/b> za po\u015brednictwem dedykowanej aplikacji mobilnej <b>LOY eyes<\/b>. Urz\u0105dzenie wymaga zewn\u0119trznego \u017ar\u00f3d\u0142a zasilania, takiego jak powerbank.<\/p>\n<p><\/br><\/p>\n<p><b>\u2757Uwaga:<\/b> powerbank nie jest do\u0142\u0105czony do zestawu.<\/p>\n<p><b>Max Strefa Sp. z o.o. jest producentem i w\u0142a\u015bcicielem marki MAXTA<\/b>, co pozwala nam oferowa\u0107 produkty najwy\u017cszej jako\u015bci w konkurencyjnych cenach. Ka\u017cdy etap \u2013 od projektu, przez produkcj\u0119, a\u017c po finalne opakowanie \u2013 realizujemy samodzielnie, dzi\u0119ki czemu mamy pe\u0142n\u0105 kontrol\u0119 nad ca\u0142ym procesem. Nasze do\u015bwiadczenie oraz dba\u0142o\u015b\u0107 o dob\u00f3r materia\u0142\u00f3w sprawiaj\u0105, \u017ce produkty MAXTA spe\u0142niaj\u0105 oczekiwania nawet najbardziej wymagaj\u0105cych klient\u00f3w. Posiadamy r\u00f3wnie\u017c wymagane certyfikaty, kt\u00f3re potwierdzaj\u0105 bezpiecze\u0144stwo i jako\u015b\u0107 naszych produkt\u00f3w oraz ich zgodno\u015b\u0107 z <b>obowi\u0105zuj\u0105cymi normami europejskimi.<\/b><\/p>","protected":false},"excerpt":{"rendered":"<p>PLECAK NA KASK LED Z WY\u015aWIETLACZEM TYGRYS APLIKACJA BLUETOOTH MAXTA \u27a1\ufe0f Plecak\u00a0BLACK NIGHT z wy\u015bwietlaczem LED na kask\u00a0to po\u0142\u0105czenie nowoczesnego stylu i funkcjonalno\u015bci. Wbudowany LED pozwala wy\u015bwietla\u0107 obrazy, teksty oraz<\/p>","protected":false},"featured_media":3131,"comment_status":"open","ping_status":"closed","template":"","meta":[],"product_brand":[161],"product_cat":[193,200],"product_tag":[],"class_list":{"0":"post-3009","1":"product","2":"type-product","3":"status-publish","4":"has-post-thumbnail","6":"product_brand-maxta","7":"product_cat-dom_i_podroze","8":"product_cat-plecaki_motocyklowe_led","10":"first","11":"instock","12":"shipping-taxable","13":"purchasable","14":"product-type-simple"},"_links":{"self":[{"href":"https:\/\/maxta.pl\/en\/wp-json\/wp\/v2\/product\/3009","targetHints":{"allow":["GET"]}}],"collection":[{"href":"https:\/\/maxta.pl\/en\/wp-json\/wp\/v2\/product"}],"about":[{"href":"https:\/\/maxta.pl\/en\/wp-json\/wp\/v2\/types\/product"}],"replies":[{"embeddable":true,"href":"https:\/\/maxta.pl\/en\/wp-json\/wp\/v2\/comments?post=3009"}],"version-history":[{"count":1,"href":"https:\/\/maxta.pl\/en\/wp-json\/wp\/v2\/product\/3009\/revisions"}],"predecessor-version":[{"id":3320,"href":"https:\/\/maxta.pl\/en\/wp-json\/wp\/v2\/product\/3009\/revisions\/3320"}],"wp:featuredmedia":[{"embeddable":true,"href":"https:\/\/maxta.pl\/en\/wp-json\/wp\/v2\/media\/3131"}],"wp:attachment":[{"href":"https:\/\/maxta.pl\/en\/wp-json\/wp\/v2\/media?parent=3009"}],"wp:term":[{"taxonomy":"product_brand","embeddable":true,"href":"https:\/\/maxta.pl\/en\/wp-json\/wp\/v2\/product_brand?post=3009"},{"taxonomy":"product_cat","embeddable":true,"href":"https:\/\/maxta.pl\/en\/wp-json\/wp\/v2\/product_cat?post=3009"},{"taxonomy":"product_tag","embeddable":true,"href":"https:\/\/maxta.pl\/en\/wp-json\/wp\/v2\/product_tag?post=3009"}],"curies":[{"name":"wp","href":"https:\/\/api.w.org\/{rel}","templated":true}]}}