{"id":3015,"date":"2026-01-22T22:51:25","date_gmt":"2026-01-22T21:51:25","guid":{"rendered":"https:\/\/maxta.pl\/product\/plecak-szkolny-mlodziezowy-czarny-z-wyswietlaczem-led-aplikacja-t7-maxta\/"},"modified":"2026-02-08T17:37:12","modified_gmt":"2026-02-08T16:37:12","slug":"plecak-szkolny-mlodziezowy-czarny-z-wyswietlaczem-led-aplikacja-t7-maxta","status":"publish","type":"product","link":"https:\/\/maxta.pl\/en\/product\/plecak-szkolny-mlodziezowy-czarny-z-wyswietlaczem-led-aplikacja-t7-maxta\/","title":{"rendered":"PLECAK SZKOLNY M\u0141ODZIE\u017bOWY CZARNY Z WY\u015aWIETLACZEM LED APLIKACJA T7 MAXTA"},"content":{"rendered":"<h1>PLECAK SZKOLNY M\u0141ODZIE\u017bOWY CZARNY Z WY\u015aWIETLACZEM LED APLIKACJA T7 MAXTA<\/h1>\n<p>\u27a1\ufe0f Plecak\u00a0<b>T7 z wy\u015bwietlaczem LED<\/b> to kompaktowy i stylowy model o wymiarach <b>32,5 \u00d7 22 \u00d7 7 cm<\/b>, kt\u00f3ry \u0142\u0105czy nowoczesny design z funkcjonalno\u015bci\u0105. Wbudowany ekran LED umo\u017cliwia wy\u015bwietlanie obraz\u00f3w, tekst\u00f3w oraz animacji, dzi\u0119ki czemu plecak staje si\u0119 nie tylko praktycznym akcesorium, ale tak\u017ce sposobem na wyra\u017cenie swojego stylu.<\/p>\n<p>\u27a1\ufe0f Mimo niewielkich rozmiar\u00f3w oferuje wygodn\u0105 przestrze\u0144 na najpotrzebniejsze rzeczy, a solidne wykonanie z trwa\u0142ego, wodoodpornego materia\u0142u zapewnia d\u0142ugotrwa\u0142e u\u017cytkowanie. <b>Regulowane paski i lekka, ergonomiczna konstrukcja gwarantuj\u0105 komfort noszenia na co dzie\u0144.<\/b><\/p>\n<h2>\u2705 Specyfikacja:<\/h2>\n<p><\/br><\/p>\n<ul><\/br><\/p>\n<li><b>Zasilanie:<\/b> USB 5 V\/2 A (zalecana pojemno\u015b\u0107 powerbank: co najmniej 10 000 mAh)<\/li>\n<p><\/br><\/p>\n<li><b>Zgodno\u015b\u0107 z aplikacj\u0105: <\/b>iOS powy\u017cej 10.0 \/ Android powy\u017cej 8.0<\/li>\n<p><\/br><\/p>\n<li><b>\u0141\u0105czno\u015b\u0107: <\/b>Bluetooth minimum 5.0<\/li>\n<p><\/br><\/p>\n<li><b>Pami\u0119\u0107 wbudowana: <\/b>128 MB, przechowywanie ok 80-90 program\u00f3w.<\/li>\n<p><\/br><\/p>\n<li><b>Ograniczenia dla plik\u00f3w:\u00a0<\/b>filmy maksymalnie 5 sekund i 5 MB.<\/li>\n<p><\/br><\/p>\n<li><b>Materia\u0142: <\/b>Oxford, Nylon, TPU<\/li>\n<p><\/br><\/p>\n<li><b>Wy\u015bwietlacz LED:<\/b> 64*64 pixel, 19,5cm x 18,5cm<\/li>\n<p><\/br><\/p>\n<li><b>Wymiary plecka:<\/b> 32,5x22x7 cm<\/li>\n<p><\/br><\/p>\n<li><b>Waga:<\/b>\u00a00,48 kg<\/li>\n<p><\/br><\/ul>\n<h2>\u27a1\ufe0f Cechy:<\/h2>\n<p><\/br><\/p>\n<ul><\/br><\/p>\n<li><b>Wytrzyma\u0142o\u015b\u0107 w ka\u017cdych warunkach<\/b> \u2013 plecak T7 zosta\u0142 zaprojektowany tak, aby sprosta\u0107 codziennym wyzwaniom i intensywnemu u\u017cytkowaniu.<\/li>\n<p><\/br><\/p>\n<li><b>Wodoodporna konstrukcja<\/b> \u2013 chroni zawarto\u015b\u0107 plecaka niezale\u017cnie od pogody.<\/li>\n<p><\/br><\/p>\n<li><b>Nowoczesna personalizacja<\/b> \u2013 ekran LED obs\u0142ugiwany przez aplikacj\u0119 Bluetooth pozwala wy\u015bwietla\u0107 w\u0142asne obrazy.<\/li>\n<p><\/br><\/p>\n<li><b>Stylowy design<\/b> \u2013 unikalny wygl\u0105d T7 wyr\u00f3\u017cnia si\u0119 w miejskim otoczeniu i dodaje charakteru ka\u017cdej stylizacji.<\/li>\n<p><\/br><\/p>\n<li><b>Bezpieczne przechowywanie<\/b> \u2013 solidny zamek b\u0142yskawiczny gwarantuje szybki dost\u0119p i ochron\u0119 przedmiot\u00f3w osobistych.<\/li>\n<p><\/br><\/ul>\n<h2>\u27a1\ufe0f Zawarto\u015b\u0107 opakowania:<\/h2>\n<ul>\n<li>Plecak T7 z wy\u015bwietlaczem LED<\/li>\n<li>Instrukcja obs\u0142ugi<\/li>\n<\/ul>\n<h2>\u2705 Aplikacja:<\/h2>\n<p><\/br><\/p>\n<p><b>Plecak T7 z wy\u015bwietlaczem LED<\/b> umo\u017cliwia wy\u015bwietlanie obraz\u00f3w i animacji za po\u015brednictwem dedykowanej aplikacji mobilnej <b>LOY SPACE<\/b>. Urz\u0105dzenie wymaga zewn\u0119trznego \u017ar\u00f3d\u0142a zasilania, takiego jak powerbank.<\/p>\n<p><\/br><\/p>\n<p><b>\u2757Uwaga: <\/b>powerbank nie jest do\u0142\u0105czony do zestawu.<\/p>\n<p><b>Max Strefa Sp. z o.o. jest producentem i w\u0142a\u015bcicielem marki MAXTA<\/b>, co pozwala nam oferowa\u0107 produkty najwy\u017cszej jako\u015bci w konkurencyjnych cenach. Ka\u017cdy etap \u2013 od projektu, przez produkcj\u0119, a\u017c po finalne opakowanie \u2013 realizujemy samodzielnie, dzi\u0119ki czemu mamy pe\u0142n\u0105 kontrol\u0119 nad ca\u0142ym procesem. Nasze do\u015bwiadczenie oraz dba\u0142o\u015b\u0107 o dob\u00f3r materia\u0142\u00f3w sprawiaj\u0105, \u017ce produkty MAXTA spe\u0142niaj\u0105 oczekiwania nawet najbardziej wymagaj\u0105cych klient\u00f3w. Posiadamy r\u00f3wnie\u017c wymagane certyfikaty, kt\u00f3re potwierdzaj\u0105 bezpiecze\u0144stwo i jako\u015b\u0107 naszych produkt\u00f3w oraz ich zgodno\u015b\u0107 z <b>obowi\u0105zuj\u0105cymi normami europejskimi.<\/b><\/p>","protected":false},"excerpt":{"rendered":"<p>PLECAK SZKOLNY M\u0141ODZIE\u017bOWY CZARNY Z WY\u015aWIETLACZEM LED APLIKACJA T7 MAXTA \u27a1\ufe0f Plecak\u00a0T7 z wy\u015bwietlaczem LED to kompaktowy i stylowy model o wymiarach 32,5 \u00d7 22 \u00d7 7 cm, kt\u00f3ry \u0142\u0105czy<\/p>","protected":false},"featured_media":3135,"comment_status":"open","ping_status":"closed","template":"","meta":[],"product_brand":[161],"product_cat":[193,199],"product_tag":[],"class_list":{"0":"post-3015","1":"product","2":"type-product","3":"status-publish","4":"has-post-thumbnail","6":"product_brand-maxta","7":"product_cat-dom_i_podroze","8":"product_cat-plecaki_led_szkolne","10":"first","11":"instock","12":"shipping-taxable","13":"purchasable","14":"product-type-simple"},"_links":{"self":[{"href":"https:\/\/maxta.pl\/en\/wp-json\/wp\/v2\/product\/3015","targetHints":{"allow":["GET"]}}],"collection":[{"href":"https:\/\/maxta.pl\/en\/wp-json\/wp\/v2\/product"}],"about":[{"href":"https:\/\/maxta.pl\/en\/wp-json\/wp\/v2\/types\/product"}],"replies":[{"embeddable":true,"href":"https:\/\/maxta.pl\/en\/wp-json\/wp\/v2\/comments?post=3015"}],"version-history":[{"count":1,"href":"https:\/\/maxta.pl\/en\/wp-json\/wp\/v2\/product\/3015\/revisions"}],"predecessor-version":[{"id":3316,"href":"https:\/\/maxta.pl\/en\/wp-json\/wp\/v2\/product\/3015\/revisions\/3316"}],"wp:featuredmedia":[{"embeddable":true,"href":"https:\/\/maxta.pl\/en\/wp-json\/wp\/v2\/media\/3135"}],"wp:attachment":[{"href":"https:\/\/maxta.pl\/en\/wp-json\/wp\/v2\/media?parent=3015"}],"wp:term":[{"taxonomy":"product_brand","embeddable":true,"href":"https:\/\/maxta.pl\/en\/wp-json\/wp\/v2\/product_brand?post=3015"},{"taxonomy":"product_cat","embeddable":true,"href":"https:\/\/maxta.pl\/en\/wp-json\/wp\/v2\/product_cat?post=3015"},{"taxonomy":"product_tag","embeddable":true,"href":"https:\/\/maxta.pl\/en\/wp-json\/wp\/v2\/product_tag?post=3015"}],"curies":[{"name":"wp","href":"https:\/\/api.w.org\/{rel}","templated":true}]}}