{"id":3040,"date":"2026-01-22T22:51:37","date_gmt":"2026-01-22T21:51:37","guid":{"rendered":"https:\/\/maxta.pl\/product\/urzadzenie-rozruchowe-booster-jump-starter-power-bank-mocny-akumulator-4w1\/"},"modified":"2026-02-03T22:54:20","modified_gmt":"2026-02-03T21:54:20","slug":"urzadzenie-rozruchowe-booster-jump-starter-power-bank-mocny-akumulator-4w1","status":"publish","type":"product","link":"https:\/\/maxta.pl\/en\/product\/urzadzenie-rozruchowe-booster-jump-starter-power-bank-mocny-akumulator-4w1\/","title":{"rendered":"URZ\u0104DZENIE ROZRUCHOWE BOOSTER JUMP STARTER POWER BANK MOCNY AKUMULATOR 4w1"},"content":{"rendered":"<h1>URZ\u0104DZENIE ROZRUCHOWE JUMP STARTER MOCNY 6 000 mAh 800 A 5V POWERBANK 4w1<\/h1>\n<p><\/br><\/p>\n<p>\u27a1\ufe0f<strong> Urz\u0105dzenie rozruchowe PS-D21 to praktyczny i wielofunkcyjny sprz\u0119t, <\/strong>kt\u00f3ry mo\u017ce uratowa\u0107 Ci\u0119 w nieoczekiwanych sytuacjach. Dzi\u0119ki niemu uruchomisz samoch\u00f3d z roz\u0142adowanym akumulatorem, na\u0142adujesz telefon lub inne urz\u0105dzenia elektroniczne, a tak\u017ce skorzystasz z wbudowanej latarki czy \u015bwiat\u0142a pulsacyjnego w nag\u0142ych przypadkach.<\/p>\n<p><\/br><\/p>\n<p>\u27a1\ufe0f<strong> Produkt jest bezpieczny, inteligentny i bardzo \u0142atwy w obs\u0142udze<\/strong>. Zosta\u0142 wyposa\u017cony w liczne systemy ochronne, kt\u00f3re zapobiegaj\u0105 przegrzaniu, odwrotnemu pod\u0142\u0105czeniu biegun\u00f3w czy prze\u0142adowaniu akumulatora. <strong>Wbudowana bateria polimerowa chroni przed wyciekiem czy ryzykiem wybuchu, a inteligentny kabel rozruchowy zapewnia stabilne i pewne uruchamianie pojazd\u00f3w.<\/strong><\/p>\n<p><\/br><\/p>\n<h2>\u2705 Specyfikacja:<\/h2>\n<p><\/br><\/p>\n<ul><\/br><\/p>\n<li><strong>Model: <\/strong>PS-D21<\/li>\n<p><\/br><\/p>\n<li><strong>Pojemno\u015b\u0107 baterii: <\/strong>6 000 mAh \/ 22.2 Wh<\/li>\n<p><\/br><\/p>\n<li><strong>Maksymalny pr\u0105d rozruchowy:<\/strong> 800 A<\/li>\n<p><\/br><\/p>\n<li><strong>Minimalny pr\u0105d rozruchowy<\/strong>: 200 A<\/li>\n<p><\/br><\/p>\n<li><strong>Akumulatory samochodowe: <\/strong>wy\u0142\u0105cznie 12 V<\/li>\n<p><\/br><\/p>\n<li><strong>Maks. pojemno\u015b\u0107 akumulatora: <\/strong>80 Ah<\/li>\n<p><\/br><\/p>\n<li><strong>Silniki benzynowe:<\/strong> do 2.5 L<\/li>\n<p><\/br><\/p>\n<li><strong>Silniki diesla:<\/strong> do 2.2 L<\/li>\n<p><\/br><\/p>\n<li><strong>Wej\u015bcie \u0142adowania:<\/strong> Type-C 5V \/ 2A<\/li>\n<p><\/br><\/p>\n<li><strong>Wyj\u015bcie USB: <\/strong>USB-A 5V \/ 2.4A<\/li>\n<p><\/br><\/p>\n<li><strong>Zakres temperatur pracy:<\/strong> \u201320\u00b0C do +60\u00b0C<\/li>\n<p><\/br><\/p>\n<li><strong>\u017bywotno\u015b\u0107 baterii: <\/strong>ok. 1000 cykli \u0142adowania (wydajno\u015b\u0107 do 70%)<\/li>\n<p><\/br><\/p>\n<li><strong>Wymiary:<\/strong> 142 \u00d7 76 \u00d7 23 mm<\/li>\n<p><\/br><\/p>\n<li><strong>Waga:<\/strong> 0,3 kg<\/li>\n<p><\/br><\/ul>\n<p><\/br><\/p>\n<h2>\u2714\ufe0f Cechy:<\/h2>\n<p><\/br><\/p>\n<ul><\/br><\/p>\n<li>Bezpieczne i proste w u\u017cyciu urz\u0105dzenie rozruchowe do samochod\u00f3w<strong> 12V<\/strong><\/li>\n<p><\/br><\/p>\n<li><strong>Wielofunkcyjno\u015b\u0107<\/strong> \u2013 rozruch auta, powerbank, latarka i \u015bwiat\u0142o pulsacyjne<\/li>\n<p><\/br><\/p>\n<li><strong>Inteligentne zabezpieczenia <\/strong>chroni\u0105ce przed przegrzaniem i odwrotn\u0105 polaryzacj\u0105<\/li>\n<p><\/br><\/p>\n<li><strong>Wbudowana bateria polimerowa <\/strong>\u2013 odporno\u015b\u0107 na wycieki i prze\u0142adowanie<\/li>\n<p><\/br><\/p>\n<li><strong>Kompaktowe rozmiary i niska waga<\/strong> \u2013 wygodne w przechowywaniu i transporcie<\/li>\n<p><\/br><\/ul>\n<p><\/br><\/p>\n<h2>\u27a1\ufe0f Zawarto\u015b\u0107 zestawu:<\/h2>\n<p><\/br><\/p>\n<ul><\/br><\/p>\n<li>Urz\u0105dzenie rozruchowe (Jump Starter) PS-D21<\/li>\n<p><\/br><\/p>\n<li>Inteligentne kable rozruchowe<\/li>\n<p><\/br><\/p>\n<li>Kabel USB<\/li>\n<p><\/br><\/p>\n<li>\u0141adowarka samochodowa<\/li>\n<p><\/br><\/p>\n<li>Instrukcja obs\u0142ugi<\/li>\n<p><\/br><\/p>\n<li>Karta gwarancyjna<\/li>\n<p><\/br><\/ul>\n<p><\/br><\/p>\n<p><strong>Max Strefa Sp. z o.o. jest producentem i w\u0142a\u015bcicielem marki MAXTA<\/strong>, co pozwala nam oferowa\u0107 produkty najwy\u017cszej jako\u015bci w konkurencyjnych cenach. Ka\u017cdy etap \u2013 od projektu, przez produkcj\u0119, a\u017c po finalne opakowanie \u2013 realizujemy samodzielnie, dzi\u0119ki czemu mamy pe\u0142n\u0105 kontrol\u0119 nad ca\u0142ym procesem. Nasze do\u015bwiadczenie oraz dba\u0142o\u015b\u0107 o dob\u00f3r materia\u0142\u00f3w sprawiaj\u0105, \u017ce produkty MAXTA spe\u0142niaj\u0105 oczekiwania nawet najbardziej wymagaj\u0105cych klient\u00f3w. Posiadamy r\u00f3wnie\u017c wymagane certyfikaty, kt\u00f3re potwierdzaj\u0105 bezpiecze\u0144stwo i jako\u015b\u0107 naszych produkt\u00f3w oraz ich zgodno\u015b\u0107 z <strong>obowi\u0105zuj\u0105cymi normami europejskimi.<\/strong><\/p>","protected":false},"excerpt":{"rendered":"<p>URZ\u0104DZENIE ROZRUCHOWE JUMP STARTER MOCNY 6 000 mAh 800 A 5V POWERBANK 4w1 \u27a1\ufe0f Urz\u0105dzenie rozruchowe PS-D21 to praktyczny i wielofunkcyjny sprz\u0119t, kt\u00f3ry mo\u017ce uratowa\u0107 Ci\u0119 w nieoczekiwanych sytuacjach. Dzi\u0119ki<\/p>","protected":false},"featured_media":3147,"comment_status":"open","ping_status":"closed","template":"","meta":[],"product_brand":[161],"product_cat":[194,207],"product_tag":[],"class_list":{"0":"post-3040","1":"product","2":"type-product","3":"status-publish","4":"has-post-thumbnail","6":"product_brand-maxta","7":"product_cat-elektronika__smart","8":"product_cat-rozruchy_do_auta","10":"first","11":"instock","12":"shipping-taxable","13":"purchasable","14":"product-type-simple"},"_links":{"self":[{"href":"https:\/\/maxta.pl\/en\/wp-json\/wp\/v2\/product\/3040","targetHints":{"allow":["GET"]}}],"collection":[{"href":"https:\/\/maxta.pl\/en\/wp-json\/wp\/v2\/product"}],"about":[{"href":"https:\/\/maxta.pl\/en\/wp-json\/wp\/v2\/types\/product"}],"replies":[{"embeddable":true,"href":"https:\/\/maxta.pl\/en\/wp-json\/wp\/v2\/comments?post=3040"}],"version-history":[{"count":1,"href":"https:\/\/maxta.pl\/en\/wp-json\/wp\/v2\/product\/3040\/revisions"}],"predecessor-version":[{"id":3243,"href":"https:\/\/maxta.pl\/en\/wp-json\/wp\/v2\/product\/3040\/revisions\/3243"}],"wp:featuredmedia":[{"embeddable":true,"href":"https:\/\/maxta.pl\/en\/wp-json\/wp\/v2\/media\/3147"}],"wp:attachment":[{"href":"https:\/\/maxta.pl\/en\/wp-json\/wp\/v2\/media?parent=3040"}],"wp:term":[{"taxonomy":"product_brand","embeddable":true,"href":"https:\/\/maxta.pl\/en\/wp-json\/wp\/v2\/product_brand?post=3040"},{"taxonomy":"product_cat","embeddable":true,"href":"https:\/\/maxta.pl\/en\/wp-json\/wp\/v2\/product_cat?post=3040"},{"taxonomy":"product_tag","embeddable":true,"href":"https:\/\/maxta.pl\/en\/wp-json\/wp\/v2\/product_tag?post=3040"}],"curies":[{"name":"wp","href":"https:\/\/api.w.org\/{rel}","templated":true}]}}