{"id":3042,"date":"2026-01-22T22:51:38","date_gmt":"2026-01-22T21:51:38","guid":{"rendered":"https:\/\/maxta.pl\/product\/urzadzenie-rozruchowe-booster-kompresor-jump-starter-powerbank-6000mah-5w1\/"},"modified":"2026-02-03T22:50:23","modified_gmt":"2026-02-03T21:50:23","slug":"urzadzenie-rozruchowe-booster-kompresor-jump-starter-powerbank-6000mah-5w1","status":"publish","type":"product","link":"https:\/\/maxta.pl\/en\/product\/urzadzenie-rozruchowe-booster-kompresor-jump-starter-powerbank-6000mah-5w1\/","title":{"rendered":"URZ\u0104DZENIE ROZRUCHOWE BOOSTER KOMPRESOR JUMP STARTER POWERBANK 6000mAh 5w1"},"content":{"rendered":"<h1>URZ\u0104DZENIE ROZRUCHOWE JUMP STARTER MOCNY KOMPRESOSR 6 000 mAh 800 A 5w1<\/h1>\n<p><\/br><\/p>\n<p>\u27a1\ufe0f<strong> Urz\u0105dzenie\u00a0CF-A11<\/strong> <strong>to wielofunkcyjny sprz\u0119t 5w1<\/strong>, kt\u00f3ry sprawdzi si\u0119 w ka\u017cdej sytuacji awaryjnej. Dzi\u0119ki niemu uruchomisz samoch\u00f3d z roz\u0142adowanym akumulatorem, sprawdzisz i napompujesz opony (samochodowe, rowerowe, motocyklowe), a tak\u017ce pi\u0142ki sportowe.<strong> Dodatkowo mo\u017cesz go u\u017cywa\u0107 jako powerbank <\/strong>do \u0142adowania telefonu, tabletu i innych urz\u0105dze\u0144 elektronicznych oraz jako praktyczn\u0105 latark\u0119 lub \u015bwiat\u0142o pulsacyjne w sytuacjach awaryjnych.<\/p>\n<p><\/br><\/p>\n<p>\u27a1\ufe0f<strong> Produkt zosta\u0142 wyposa\u017cony w\u00a0akumulator litowo-jonowy o pojemno\u015bci 6000 mAh<\/strong>, kt\u00f3ry zapewnia mocny pr\u0105d rozruchowy do <strong>800 A<\/strong> oraz wydajny kompresor o ci\u015bnieniu do <strong>150 PSI<\/strong>. Du\u017cy cyfrowy wy\u015bwietlacz sprawia, \u017ce obs\u0142uga jest prosta i intuicyjna, a inteligentne kable rozruchowe gwarantuj\u0105 bezpiecze\u0144stwo pracy, chroni\u0105c przed odwrotn\u0105 polaryzacj\u0105 czy przegrzaniem. <strong>To niezast\u0105pione urz\u0105dzenie w ka\u017cdym aucie \u2013 praktyczne, kompaktowe i zawsze gotowe do u\u017cycia.<\/strong><\/p>\n<p><\/br><\/p>\n<h2>\u2705 Specyfikacja:<\/h2>\n<p><\/br><\/p>\n<ul><\/br><\/p>\n<li><strong>Model:<\/strong> CF-A11<\/li>\n<p><\/br><\/p>\n<li><strong>Pojemno\u015b\u0107 baterii:<\/strong> 6 000 mAh \/ 22.2 Wh<\/li>\n<p><\/br><\/p>\n<li><strong>Maksymalny pr\u0105d rozruchowy: <\/strong>800 A<\/li>\n<p><\/br><\/p>\n<li><strong>Minimalny pr\u0105d rozruchowy:<\/strong>\u00a0200 A<\/li>\n<p><\/br><\/p>\n<li><strong>Silniki benzynowe: <\/strong>do 2.5 L<\/li>\n<p><\/br><\/p>\n<li><strong>Silniki diesla:<\/strong> do 2.2 L<\/li>\n<p><\/br><\/p>\n<li><strong>Wej\u015bcie \u0142adowania: <\/strong>Type-C 5V \/ 2A<\/li>\n<p><\/br><\/p>\n<li><strong>Wyj\u015bcie USB: <\/strong>USB-A 5V \/ 2.4 A<\/li>\n<p><\/br><\/p>\n<li><strong>Zakres temperatur pracy: <\/strong>\u201320\u00b0C do +60\u00b0C<\/li>\n<p><\/br><\/p>\n<li><strong>Wymiary: <\/strong>150 \u00d7 90 \u00d7 45 mm<\/li>\n<p><\/br><\/p>\n<li><strong>Waga: <\/strong>0,5 kg<\/li>\n<p><\/br><\/p>\n<li><strong>\u017bywotno\u015b\u0107 baterii: <\/strong>ok. 1000 cykli (p\u00f3\u017aniej wydajno\u015b\u0107 do 70%)<\/li>\n<p><\/br><\/ul>\n<p><\/br><\/p>\n<p><strong>Kompresor powietrza<\/strong><\/p>\n<p><\/br><\/p>\n<ul><\/br><\/p>\n<li><strong>Maksymalne ci\u015bnienie:<\/strong> 150 PSI<\/li>\n<p><\/br><\/p>\n<li><strong>Ci\u015bnienie robocze:<\/strong> 120 PSI<\/li>\n<p><\/br><\/p>\n<li><strong>Przep\u0142yw powietrza: <\/strong>18 L\/min<\/li>\n<p><\/br><\/ul>\n<p><\/br><\/p>\n<h2>\u2714\ufe0f Cechy:<\/h2>\n<p><\/br><\/p>\n<ul><\/br><\/p>\n<li><strong>Wielofunkcyjne urz\u0105dzenie 5w1<\/strong> \u2013 rozruch auta, kompresor, powerbank, latarka i \u015bwiat\u0142o awaryjne<\/li>\n<p><\/br><\/p>\n<li><strong>Maksymalny pr\u0105d rozruchowy 800 A<\/strong> \u2013 uruchamia silniki benzynowe do 2.5L i diesla do 2.2L<\/li>\n<p><\/br><\/p>\n<li><strong>Kompresor powietrza 150 PSI<\/strong> \u2013 do pompowania opon, rower\u00f3w i pi\u0142ek<\/li>\n<p><\/br><\/p>\n<li><strong>Wbudowana latarka LED z trybem pulsacyjnym<\/strong> \u2013 bezpiecze\u0144stwo w nocy i awariach<\/li>\n<p><\/br><\/p>\n<li><strong>Du\u017cy cyfrowy wy\u015bwietlacz <\/strong>\u2013 \u0142atwa i intuicyjna obs\u0142uga<\/li>\n<p><\/br><\/p>\n<li><strong>Inteligentne zabezpieczenia<\/strong> \u2013 ochrona przed przegrzaniem, odwrotn\u0105 polaryzacj\u0105 i prze\u0142adowaniem<\/li>\n<p><\/br><\/ul>\n<p><\/br><\/p>\n<h2>\u27a1\ufe0f Zawarto\u015b\u0107 zestawu:<\/h2>\n<p><\/br><\/p>\n<ul><\/br><\/p>\n<li>Urz\u0105dzenie rozruchowe (Jump Starter) CF-A11<\/li>\n<p><\/br><\/p>\n<li>Inteligentne kable rozruchowe<\/li>\n<p><\/br><\/p>\n<li>W\u0105\u017c do przep\u0142ywu powietrza<\/li>\n<p><\/br><\/p>\n<li>Kabel USB<\/li>\n<p><\/br><\/p>\n<li>\u0141adowarka samochodowa<\/li>\n<p><\/br><\/p>\n<li>Instrukcja obs\u0142ugi<\/li>\n<p><\/br><\/ul>\n<p><\/br><\/p>\n<p><strong>Max Strefa Sp. z o.o. jest producentem i w\u0142a\u015bcicielem marki MAXTA<\/strong>, co pozwala nam oferowa\u0107 produkty najwy\u017cszej jako\u015bci w konkurencyjnych cenach. Ka\u017cdy etap \u2013 od projektu, przez produkcj\u0119, a\u017c po finalne opakowanie \u2013 realizujemy samodzielnie, dzi\u0119ki czemu mamy pe\u0142n\u0105 kontrol\u0119 nad ca\u0142ym procesem. Nasze do\u015bwiadczenie oraz dba\u0142o\u015b\u0107 o dob\u00f3r materia\u0142\u00f3w sprawiaj\u0105, \u017ce produkty MAXTA spe\u0142niaj\u0105 oczekiwania nawet najbardziej wymagaj\u0105cych klient\u00f3w. Posiadamy r\u00f3wnie\u017c wymagane certyfikaty, kt\u00f3re potwierdzaj\u0105 bezpiecze\u0144stwo i jako\u015b\u0107 naszych produkt\u00f3w oraz ich zgodno\u015b\u0107 z <strong>obowi\u0105zuj\u0105cymi normami europejskimi.<\/strong><\/p>","protected":false},"excerpt":{"rendered":"<p>URZ\u0104DZENIE ROZRUCHOWE JUMP STARTER MOCNY KOMPRESOSR 6 000 mAh 800 A 5w1 \u27a1\ufe0f Urz\u0105dzenie\u00a0CF-A11 to wielofunkcyjny sprz\u0119t 5w1, kt\u00f3ry sprawdzi si\u0119 w ka\u017cdej sytuacji awaryjnej. Dzi\u0119ki niemu uruchomisz samoch\u00f3d z<\/p>","protected":false},"featured_media":3148,"comment_status":"open","ping_status":"closed","template":"","meta":[],"product_brand":[161],"product_cat":[194,207],"product_tag":[],"class_list":{"0":"post-3042","1":"product","2":"type-product","3":"status-publish","4":"has-post-thumbnail","6":"product_brand-maxta","7":"product_cat-elektronika__smart","8":"product_cat-rozruchy_do_auta","10":"first","11":"instock","12":"shipping-taxable","13":"purchasable","14":"product-type-simple"},"_links":{"self":[{"href":"https:\/\/maxta.pl\/en\/wp-json\/wp\/v2\/product\/3042","targetHints":{"allow":["GET"]}}],"collection":[{"href":"https:\/\/maxta.pl\/en\/wp-json\/wp\/v2\/product"}],"about":[{"href":"https:\/\/maxta.pl\/en\/wp-json\/wp\/v2\/types\/product"}],"replies":[{"embeddable":true,"href":"https:\/\/maxta.pl\/en\/wp-json\/wp\/v2\/comments?post=3042"}],"version-history":[{"count":1,"href":"https:\/\/maxta.pl\/en\/wp-json\/wp\/v2\/product\/3042\/revisions"}],"predecessor-version":[{"id":3242,"href":"https:\/\/maxta.pl\/en\/wp-json\/wp\/v2\/product\/3042\/revisions\/3242"}],"wp:featuredmedia":[{"embeddable":true,"href":"https:\/\/maxta.pl\/en\/wp-json\/wp\/v2\/media\/3148"}],"wp:attachment":[{"href":"https:\/\/maxta.pl\/en\/wp-json\/wp\/v2\/media?parent=3042"}],"wp:term":[{"taxonomy":"product_brand","embeddable":true,"href":"https:\/\/maxta.pl\/en\/wp-json\/wp\/v2\/product_brand?post=3042"},{"taxonomy":"product_cat","embeddable":true,"href":"https:\/\/maxta.pl\/en\/wp-json\/wp\/v2\/product_cat?post=3042"},{"taxonomy":"product_tag","embeddable":true,"href":"https:\/\/maxta.pl\/en\/wp-json\/wp\/v2\/product_tag?post=3042"}],"curies":[{"name":"wp","href":"https:\/\/api.w.org\/{rel}","templated":true}]}}