{"id":3044,"date":"2026-01-22T22:51:39","date_gmt":"2026-01-22T21:51:39","guid":{"rendered":"https:\/\/maxta.pl\/product\/wentylator-do-kuwety-x25-usuwa-brzydkie-zapachy-automatyczny-maxta\/"},"modified":"2026-02-03T22:48:53","modified_gmt":"2026-02-03T21:48:53","slug":"wentylator-do-kuwety-x25-usuwa-brzydkie-zapachy-automatyczny-maxta","status":"publish","type":"product","link":"https:\/\/maxta.pl\/en\/product\/wentylator-do-kuwety-x25-usuwa-brzydkie-zapachy-automatyczny-maxta\/","title":{"rendered":"WENTYLATOR DO KUWETY X25 USUWA BRZYDKIE ZAPACHY AUTOMATYCZNY MAXTA"},"content":{"rendered":"<h1>WENTYLATOR DO KUWETY X25 USUWA BRZYDKIE ZAPACHY AUTOMATYCZNY MAXTA<\/h1>\n<p>\u27a1\ufe0f <b>Wentylator X25 to praktyczny komponent przeznaczony do kuwet samooczyszczaj\u0105cych, kt\u00f3ry zapewnia skuteczn\u0105 cyrkulacj\u0119 powietrza i redukcj\u0119 nieprzyjemnych zapach\u00f3w.<\/b> Dzi\u0119ki prostemu monta\u017cowi oraz zasilaniu przez przew\u00f3d USB-C, urz\u0105dzenie jest wygodne w obs\u0142udze i kompatybilne z kuwet\u0105 X25. Solidna konstrukcja i wydajne dzia\u0142anie sprawiaj\u0105, \u017ce wentylator skutecznie wspiera utrzymanie higieny i komfortu zar\u00f3wno kota, jak i domownik\u00f3w.<\/p>\n<p>\u27a1\ufe0f<b> Najwi\u0119ksz\u0105 zalet\u0105 tego modelu jest mo\u017cliwo\u015b\u0107 sterowania<\/b>\u00a0<b>za pomoc\u0105 aplikacji Tuya Smart<\/b>, co pozwala w\u0142\u0105cza\u0107 i wy\u0142\u0105cza\u0107 wentylator zdalnie z telefonu. To wygodne rozwi\u0105zanie sprawia, \u017ce wentylacj\u0119 mo\u017cesz kontrolowa\u0107 w ka\u017cdej chwili \u2013 nawet wtedy, gdy nie ma Ci\u0119 w domu.<\/p>\n<h2>\u2705 Specyfikacja:<\/h2>\n<ul>\n<li><b>Model: <\/b>Wentylator X25<\/li>\n<li><b>Zasilanie:<\/b> 12 V \/ 1 A<\/li>\n<li><b>Pod\u0142\u0105czenie: <\/b>USB-C<\/li>\n<li><b>Przeznaczenie: <\/b>kuweta X25<\/li>\n<li><b>Typ:<\/b> wentylator z kana\u0142em powietrznym<\/li>\n<\/ul>\n<h2>\u2714\ufe0f Cechy:<\/h2>\n<ul>\n<li>Wydajna wentylacja zapewniaj\u0105ca<b> redukcj\u0119 zapach\u00f3w<\/b><\/li>\n<li><b>\u0141atwy monta\u017c<\/b> \u2013 szybkie pod\u0142\u0105czenie do korpusu kuwety X25<\/li>\n<li><b>Zasilanie przez USB-C<\/b> \u2013 wygodne i uniwersalne rozwi\u0105zanie<\/li>\n<li>Stabilna praca przy napi\u0119ciu <b>12 V \/ 1 A<\/b><\/li>\n<li><b>Lekka i trwa\u0142a konstrukcja <\/b>dostosowana do codziennego u\u017cytku<\/li>\n<\/ul>\n<h2>\u27a1\ufe0f Zawarto\u015b\u0107 zestawu:<\/h2>\n<ul>\n<li>Wentylator X25<\/li>\n<li>Rura powietrzna<\/li>\n<li>Przew\u00f3d USB-C<\/li>\n<li>Instrukcja obs\u0142ugi<\/li>\n<\/ul>","protected":false},"excerpt":{"rendered":"<p>WENTYLATOR DO KUWETY X25 USUWA BRZYDKIE ZAPACHY AUTOMATYCZNY MAXTA \u27a1\ufe0f Wentylator X25 to praktyczny komponent przeznaczony do kuwet samooczyszczaj\u0105cych, kt\u00f3ry zapewnia skuteczn\u0105 cyrkulacj\u0119 powietrza i redukcj\u0119 nieprzyjemnych zapach\u00f3w. Dzi\u0119ki prostemu<\/p>","protected":false},"featured_media":3149,"comment_status":"open","ping_status":"closed","template":"","meta":[],"product_brand":[161],"product_cat":[192,197],"product_tag":[],"class_list":{"0":"post-3044","1":"product","2":"type-product","3":"status-publish","4":"has-post-thumbnail","6":"product_brand-maxta","7":"product_cat-dla_zwierzat","8":"product_cat-kuwety_automatyczne_i_akcesoria","10":"first","11":"instock","12":"shipping-taxable","13":"purchasable","14":"product-type-simple"},"_links":{"self":[{"href":"https:\/\/maxta.pl\/en\/wp-json\/wp\/v2\/product\/3044","targetHints":{"allow":["GET"]}}],"collection":[{"href":"https:\/\/maxta.pl\/en\/wp-json\/wp\/v2\/product"}],"about":[{"href":"https:\/\/maxta.pl\/en\/wp-json\/wp\/v2\/types\/product"}],"replies":[{"embeddable":true,"href":"https:\/\/maxta.pl\/en\/wp-json\/wp\/v2\/comments?post=3044"}],"version-history":[{"count":1,"href":"https:\/\/maxta.pl\/en\/wp-json\/wp\/v2\/product\/3044\/revisions"}],"predecessor-version":[{"id":3241,"href":"https:\/\/maxta.pl\/en\/wp-json\/wp\/v2\/product\/3044\/revisions\/3241"}],"wp:featuredmedia":[{"embeddable":true,"href":"https:\/\/maxta.pl\/en\/wp-json\/wp\/v2\/media\/3149"}],"wp:attachment":[{"href":"https:\/\/maxta.pl\/en\/wp-json\/wp\/v2\/media?parent=3044"}],"wp:term":[{"taxonomy":"product_brand","embeddable":true,"href":"https:\/\/maxta.pl\/en\/wp-json\/wp\/v2\/product_brand?post=3044"},{"taxonomy":"product_cat","embeddable":true,"href":"https:\/\/maxta.pl\/en\/wp-json\/wp\/v2\/product_cat?post=3044"},{"taxonomy":"product_tag","embeddable":true,"href":"https:\/\/maxta.pl\/en\/wp-json\/wp\/v2\/product_tag?post=3044"}],"curies":[{"name":"wp","href":"https:\/\/api.w.org\/{rel}","templated":true}]}}