{"id":3046,"date":"2026-01-22T22:51:41","date_gmt":"2026-01-22T21:51:41","guid":{"rendered":"https:\/\/maxta.pl\/product\/przenosna-stacja-zasilania-600w-560-wh-magazyn-energii-maxta-power-bank\/"},"modified":"2026-02-08T17:30:01","modified_gmt":"2026-02-08T16:30:01","slug":"przenosna-stacja-zasilania-600w-560-wh-magazyn-energii-maxta-power-bank","status":"publish","type":"product","link":"https:\/\/maxta.pl\/en\/product\/przenosna-stacja-zasilania-600w-560-wh-magazyn-energii-maxta-power-bank\/","title":{"rendered":"PRZENO\u015aNA STACJA ZASILANIA 600W 560 Wh MAGAZYN ENERGII MAXTA Power bank"},"content":{"rendered":"<h1>PRZENO\u015aNA STACJA ZASILANIA 600W 560 Wh MAGAZYN ENERGII MAXTA<\/h1>\n<p><b>\u27a1\ufe0f Przeno\u015bna stacja zasilania KSPB600<\/b> to kompaktowe urz\u0105dzenie, kt\u00f3re zapewnia dost\u0119p do energii elektrycznej w sytuacjach awaryjnych lub tam, gdzie nie ma mo\u017cliwo\u015bci pod\u0142\u0105czenia si\u0119 do sieci. Dzi\u0119ki <b>akumulatorowi <\/b><b>litowo-\u017celazowo-fosforanowemu<\/b><b> o pojemno\u015bci 560 Wh<\/b> stacja sprawdza si\u0119 zar\u00f3wno w domu, jak i w podr\u00f3\u017cy, na dzia\u0142ce czy kempingu.<\/p>\n<p><b>\u27a1\ufe0f <\/b>Kompaktowe wymiary i wygodna konstrukcja sprawiaj\u0105, \u017ce idealnie sprawdzi si\u0119 w domu, biurze, podczas podr\u00f3\u017cy czy na kempingu. <b>Solidna konstrukcja oraz wygodny uchwyt\u00a0<\/b>u\u0142atwiaj\u0105 transport i codzienne u\u017cytkowanie. To praktyczne rozwi\u0105zanie dla os\u00f3b potrzebuj\u0105cych niezale\u017cnego \u017ar\u00f3d\u0142a energii w r\u00f3\u017cnych warunkach.<\/p>\n<h2>\u2705 Specyfikacja:<\/h2>\n<ul>\n<li><b>Wymiary: <\/b>295 \u00d7 220 \u00d7 160 mm<\/li>\n<li><b>Pojemno\u015b\u0107: <\/b>560 Wh (25,6 V \/ 20 Ah)<\/li>\n<li><b>Waga netto: <\/b>7,85 kg<\/li>\n<\/ul>\n<p><b>Wyj\u015bcia:<\/b><\/p>\n<ul>\n<li><b>Wyj\u015bcie AC (x1) \/ Czysta sinusoida: <\/b>600 W (chwilowy 1200 W) \u0142\u0105cznie, 220\u2013240 Vac (50 Hz\/60 Hz) \/ 230 Vac (50 Hz\/60 Hz)<\/li>\n<li><b>Wyj\u015bcie USB (x2):<\/b> 5 V \/ 3 A, maks. 18 W<\/li>\n<li><b>\u0141adowanie Type-C (x2):<\/b> 5 Vdc, 9 Vdc, 12 Vdc, 15 Vdc, 20 Vdc, 3 A, maks. 60 W<\/li>\n<li><b>Wyj\u015bcie zasilania samochodowego (x1):<\/b> 120 W, 12 Vdc, maks. 10 A<\/li>\n<li><b>Wyj\u015bcie DC5525 (x2): <\/b>12 Vdc, maks. 3 A (na port)<\/li>\n<\/ul>\n<p><b>Wej\u015bcia:<\/b><\/p>\n<ul>\n<li><b>Napi\u0119cie wej\u015bciowe \u0142adowania AC:<\/b> 200\u2013260 Vac (50 Hz)<\/li>\n<li><b>Moc wej\u015bciowa \u0142adowania AC<\/b>: maks. 370 W<\/li>\n<li><b>Wej\u015bcie \u0142adowania solarnego:<\/b> 12\u201330 Vdc, maks. 156 W<\/li>\n<li><b>\u0141adowanie samochodowe: <\/b>12\u201315 Vdc, maks. 156 W<\/li>\n<\/ul>\n<h2>\u27a1\ufe0f Bateria:<\/h2>\n<ul>\n<li><b>Chemia ogniw:<\/b> LiFeiPO4<\/li>\n<li><b>Pojemno\u015b\u0107 baterii:<\/b> 560 Wh, 25,6 V \/ 20 Ah<\/li>\n<li><b>Temperatura roz\u0142adowania: <\/b>od \u201310\u00b0C do 45\u00b0C<\/li>\n<li><b>Temperatura \u0142adowania: <\/b>od 0\u00b0C do 45\u00b0C<\/li>\n<li><b>\u017bywotno\u015b\u0107 cykliczna: <\/b>1000 cykli do 80%+ pojemno\u015bci<\/li>\n<\/ul>\n<p><b>Zabezpieczenia:<\/b><\/p>\n<ul>\n<li>Ochrona przed prze\u0142adowaniem\/roz\u0142adowaniem<\/li>\n<li>Ochrona przed przeci\u0105\u017ceniem\/temperatur\u0105<\/li>\n<li>Ochrona przed przepi\u0119ciem\/napi\u0119ciem zbyt niskim<\/li>\n<li>Ochrona przed zwarciem<\/li>\n<\/ul>\n<h2>\u2714\ufe0f Cechy:<\/h2>\n<p><\/br><\/p>\n<ul><\/br><\/p>\n<li><b>Wysoka pojemno\u015b\u0107 560 Wh <\/b>umo\u017cliwia d\u0142u\u017csze zasilanie urz\u0105dze\u0144 w podr\u00f3\u017cy i w terenie<\/li>\n<p><\/br><\/p>\n<li><b>Wydajne wyj\u015bcie <\/b>AC 600 W (chwilowo 1200 W) zapewnia zasilanie nawet dla bardziej wymagaj\u0105cych sprz\u0119t\u00f3w<\/li>\n<p><\/br><\/p>\n<li><b>Bateria LiFePO4<\/b> gwarantuje bezpiecze\u0144stwo, stabilno\u015b\u0107 i d\u0142ug\u0105 \u017cywotno\u015b\u0107<\/li>\n<p><\/br><\/p>\n<li>Mo\u017cliwo\u015b\u0107 \u0142adowania z sieci, paneli fotowoltaicznych oraz gniazda samochodowego <b>zwi\u0119ksza mobilno\u015b\u0107<\/b><\/li>\n<p><\/br><\/p>\n<li><b>Bogaty zestaw<\/b> wyj\u015b\u0107 pozwala zasila\u0107 wiele urz\u0105dze\u0144 jednocze\u015bnie<\/li>\n<p><\/br><\/ul>\n<h2>\u27a1\ufe0f Zawarto\u015b\u0107 opakowania:<\/h2>\n<ul>\n<li>Stacja zasilania<\/li>\n<li>Kabel do \u0142adowania z gniazdka sieciowego<\/li>\n<li>Kabel do \u0142adowania z panela solarnego<\/li>\n<li>Kabel do \u0142adowania z gniazdka samochodowego<\/li>\n<li>Instrukcja obs\u0142ugi i karta gwarancyjna<\/li>\n<\/ul>\n<p><b>Max Strefa Sp. z o.o. jest producentem i w\u0142a\u015bcicielem marki MAXTA<\/b>, co pozwala nam oferowa\u0107 produkty najwy\u017cszej jako\u015bci w konkurencyjnych cenach. Ka\u017cdy etap \u2013 od projektu, przez produkcj\u0119, a\u017c po finalne opakowanie \u2013 realizujemy samodzielnie, dzi\u0119ki czemu mamy pe\u0142n\u0105 kontrol\u0119 nad ca\u0142ym procesem. Nasze do\u015bwiadczenie oraz dba\u0142o\u015b\u0107 o dob\u00f3r materia\u0142\u00f3w sprawiaj\u0105, \u017ce produkty MAXTA spe\u0142niaj\u0105 oczekiwania nawet najbardziej wymagaj\u0105cych klient\u00f3w. Posiadamy r\u00f3wnie\u017c wymagane certyfikaty, kt\u00f3re potwierdzaj\u0105 bezpiecze\u0144stwo i jako\u015b\u0107 naszych produkt\u00f3w oraz ich zgodno\u015b\u0107 z <b>obowi\u0105zuj\u0105cymi normami europejskimi.<\/b><\/p>","protected":false},"excerpt":{"rendered":"<p>PRZENO\u015aNA STACJA ZASILANIA 600W 560 Wh MAGAZYN ENERGII MAXTA \u27a1\ufe0f Przeno\u015bna stacja zasilania KSPB600 to kompaktowe urz\u0105dzenie, kt\u00f3re zapewnia dost\u0119p do energii elektrycznej w sytuacjach awaryjnych lub tam, gdzie nie<\/p>","protected":false},"featured_media":3151,"comment_status":"open","ping_status":"closed","template":"","meta":[],"product_brand":[161],"product_cat":[194,205],"product_tag":[],"class_list":{"0":"post-3046","1":"product","2":"type-product","3":"status-publish","4":"has-post-thumbnail","6":"product_brand-maxta","7":"product_cat-elektronika__smart","8":"product_cat-stacje_zasilania","10":"first","11":"instock","12":"shipping-taxable","13":"purchasable","14":"product-type-simple"},"_links":{"self":[{"href":"https:\/\/maxta.pl\/en\/wp-json\/wp\/v2\/product\/3046","targetHints":{"allow":["GET"]}}],"collection":[{"href":"https:\/\/maxta.pl\/en\/wp-json\/wp\/v2\/product"}],"about":[{"href":"https:\/\/maxta.pl\/en\/wp-json\/wp\/v2\/types\/product"}],"replies":[{"embeddable":true,"href":"https:\/\/maxta.pl\/en\/wp-json\/wp\/v2\/comments?post=3046"}],"version-history":[{"count":1,"href":"https:\/\/maxta.pl\/en\/wp-json\/wp\/v2\/product\/3046\/revisions"}],"predecessor-version":[{"id":3304,"href":"https:\/\/maxta.pl\/en\/wp-json\/wp\/v2\/product\/3046\/revisions\/3304"}],"wp:featuredmedia":[{"embeddable":true,"href":"https:\/\/maxta.pl\/en\/wp-json\/wp\/v2\/media\/3151"}],"wp:attachment":[{"href":"https:\/\/maxta.pl\/en\/wp-json\/wp\/v2\/media?parent=3046"}],"wp:term":[{"taxonomy":"product_brand","embeddable":true,"href":"https:\/\/maxta.pl\/en\/wp-json\/wp\/v2\/product_brand?post=3046"},{"taxonomy":"product_cat","embeddable":true,"href":"https:\/\/maxta.pl\/en\/wp-json\/wp\/v2\/product_cat?post=3046"},{"taxonomy":"product_tag","embeddable":true,"href":"https:\/\/maxta.pl\/en\/wp-json\/wp\/v2\/product_tag?post=3046"}],"curies":[{"name":"wp","href":"https:\/\/api.w.org\/{rel}","templated":true}]}}