{"id":3072,"date":"2026-01-22T22:51:55","date_gmt":"2026-01-22T21:51:55","guid":{"rendered":"https:\/\/maxta.pl\/product\/cisnieniowy-ekspres-do-kawy-przenosny-automatyczny-20bar-kapsulki-mielona\/"},"modified":"2026-02-08T17:26:51","modified_gmt":"2026-02-08T16:26:51","slug":"cisnieniowy-ekspres-do-kawy-przenosny-automatyczny-20bar-kapsulki-mielona","status":"publish","type":"product","link":"https:\/\/maxta.pl\/en\/product\/cisnieniowy-ekspres-do-kawy-przenosny-automatyczny-20bar-kapsulki-mielona\/","title":{"rendered":"Ci\u015bnieniowy ekspres do kawy przeno\u015bny automatyczny 20bar kapsu\u0142ki mielona"},"content":{"rendered":"<h1>Ci\u015bnieniowy ekspres do kawy przeno\u015bny automatyczny 20bar kapsu\u0142ki mielona<\/h1>\n<p>\u27a1\ufe0f<b> Przeno\u015bny ekspres do kawy to idealne rozwi\u0105zanie dla mi\u0142o\u015bnik\u00f3w espresso,<\/b> kt\u00f3rzy nie chc\u0105 rezygnowa\u0107 z ulubionej kawy w podr\u00f3\u017cy, pracy czy na biwaku. Ten przeno\u015bny ekspres o<b> ci\u015bnieniu\u00a020 bar<\/b> zapewnia intensywny aromat i bogaty smak kawy \u2013 dok\u0142adnie taki, jak w profesjonalnej kawiarni. Dzi\u0119ki wbudowanemu akumulatorowi i kompaktowej konstrukcji przygotujesz doskona\u0142\u0105 kaw\u0119 zawsze i wsz\u0119dzie \u2013<b> bez dost\u0119pu do gniazdka elektrycznego.<\/b><\/p>\n<p>\u27a1\ufe0f Przeno\u015bny ekspres do kawy jest kompatybilny zar\u00f3wno z\u00a0<b>kaw\u0105 mielon\u0105<\/b>, jak i <b>kapsu\u0142kami<\/b>, co daje Ci pe\u0142n\u0105 swobod\u0119 wyboru. Urz\u0105dzenie automatycznie podgrzewa wod\u0119 do<b> temperatury ok<\/b>. <b>92 \u00b0C<\/b>, a proces ekstrakcji trwa zaledwie <b>40\u201350 sekund<\/b>. Na jednym \u0142adowaniu mo\u017cesz zaparzy\u0107 nawet <b>4-5 fili\u017canek kawy<\/b> z zimnej wody lub ponad <b>200 porcji<\/b>, je\u015bli u\u017cyjesz wody gor\u0105cej.<\/p>\n<p>\u27a1\ufe0f Kompaktowy rozmiar i waga zaledwie\u00a0<b>640 g<\/b> sprawiaj\u0105, \u017ce przeno\u015bny ekspres do kawy zmie\u015bci si\u0119 w plecaku, walizce czy schowku samochodu \u2013 to idealny towarzysz ka\u017cdej podr\u00f3\u017cy.<\/p>\n<p>\u27a1\ufe0f <b>Urz\u0105dzenie posiada certyfikaty<\/b> dla produkt\u00f3w przeznaczonych do kontaktu z \u017cywno\u015bci\u0105. Ekspres wykonano z tworzywa wolnego od szkodliwego Bisfenolu.<\/p>\n<p>DO PARZENIA KAWY W BIURZE LUB DOMU POLECAMY SPECJALNE STOJAKI, NA KT\u00d3RYCH MO\u017bESZ PRZYGOTOWA\u0106 KAW\u0118.<\/p>\n<h2>\u2705 Specyfikacja:<\/h2>\n<ul>\n<li><b>Parametr:<\/b> Warto\u015b\u0107<\/li>\n<li><b>Ci\u015bnienie pompy:<\/b> 20 bar<\/li>\n<li><b>Moc znamionowa:<\/b> 95 W<\/li>\n<li><b>Pojemno\u015b\u0107 zbiornika na wod\u0119:<\/b> 65 ml<\/li>\n<li><b>Ilo\u015b\u0107 kawy mielonej:<\/b> 8\u201310 g<\/li>\n<li><b>Czas podgrzewania:<\/b> 4\u20136 min do 92 \u00b0C<\/li>\n<li><b>Czas ekstrakcji:<\/b> 40\u201350 s<\/li>\n<li><b>Pojemno\u015b\u0107 baterii:<\/b> 3 \u00d7 2500 mAh (7500 mAh)<\/li>\n<li><b>Liczba kaw na jednym \u0142adowaniu:<\/b> 4\u20135 (zimna woda) \/ &gt;200 (gor\u0105ca woda)<\/li>\n<li><b>Czas \u0142adowania:<\/b> ok. 2,5 h<\/li>\n<li><b>Zasilanie:<\/b> USB-C (9 V\/2 A lub 5 V\/3 A)<\/li>\n<li><b>Wymiary:<\/b> 232,3 mm \u00d7 68,3 mm<\/li>\n<li><b>Waga:<\/b> 640 g<\/li>\n<li><b>Kapsu\u0142ki:<\/b> Nespresso<\/li>\n<\/ul>\n<h2>\u2714\ufe0f Cechy:<\/h2>\n<ul>\n<li><b>20 bar ci\u015bnienia<\/b> \u2013 gwarancja intensywnego aromatu i bogatej cremy.<\/li>\n<li><b>2 sposoby parzenia<\/b> \u2013 u\u017cywaj kapsu\u0142ek lub kawy mielonej.<\/li>\n<li><b>Bateria 7500 mAh<\/b> \u2013 zaparz nawet 4\u20135 kaw bez \u0142adowania.<\/li>\n<li><b>Mobilno\u015b\u0107 i kompaktowo\u015b\u0107<\/b> \u2013 idealny w podr\u00f3\u017cy, w pracy, na kempingu czy w aucie.<\/li>\n<li><b>Podgrzewanie wody do 92 \u00b0C<\/b> \u2013 pe\u0142en smak espresso bez konieczno\u015bci korzystania z czajnika.<\/li>\n<li><b>Ekstrakcja bez podgrzewania<\/b> \u2013 pe\u0142en smak espresso jest te\u017c mo\u017cliwy bez podgrzewania wody, wlej zimn\u0105 wod\u0119 a ci\u015bnienie wydob\u0119dzie smak z kawy.<\/li>\n<li><b>Szybkie \u0142adowanie USB-C<\/b> \u2013 kompatybilne z \u0142adowarkami 9 V\/2 A i 5 V\/3 A.<\/li>\n<li><b>\u0141atwe czyszczenie<\/b> \u2013 zdejmowane elementy mo\u017cna my\u0107 pod bie\u017c\u0105c\u0105 wod\u0105.<\/li>\n<li><b>Pier\u015bcieniowa podstawka do parzenia w zestawie<\/b> \u2013 dzi\u0119ki niej nie musisz trzyma\u0107 ekspresu w r\u0119ce podczas parzenia. Ustaw urz\u0105dzenie stabilnie, naci\u015bnij przycisk i poczekaj, a\u017c kawa sama si\u0119 zaparzy.<\/li>\n<\/ul>\n<h2>\u2705 Na co zwr\u00f3ci\u0107 uwag\u0119 przy wyborze przeno\u015bnego ekspresu do kawy?<\/h2>\n<p>Wybieraj\u0105c ekspres przeno\u015bny, warto zwr\u00f3ci\u0107 uwag\u0119 na kilka kluczowych element\u00f3w, kt\u00f3re realnie wp\u0142ywaj\u0105 na <b>jako\u015b\u0107 kawy, komfort u\u017cytkowania i Twoje zdrowie<\/b>. Ekspres wyr\u00f3\u017cnia si\u0119 w ka\u017cdym z nich:<\/p>\n<ul>\n<li><b>Podgrzewanie wody w urz\u0105dzeniu<\/b> \u2013 dzi\u0119ki czemu mo\u017cesz zaparzy\u0107 kaw\u0119 nawet w lesie, samochodzie czy na pla\u017cy \u2013 bez czajnika.<\/li>\n<li><b>Automatyczny system parzenia<\/b> \u2013 zapomnij o r\u0119cznym t\u0142okowaniu, ekspres dzia\u0142a ca\u0142kowicie automatycznie.<\/li>\n<li><b>Bezpiecze\u0144stwo i certyfikacja<\/b> \u2013 ekspres \u00a0posiada certyfikaty bezpiecze\u0144stwa potwierdzaj\u0105ce, \u017ce materia\u0142y u\u017cyte do produkcji s\u0105 przeznaczone do kontaktu z \u017cywno\u015bci\u0105 i nie wp\u0142ywaj\u0105 negatywnie na zdrowie.<\/li>\n<li><b>Ci\u015bnienie a\u017c 20 bar\u00f3w<\/b> \u2013 to wyj\u0105tkowo wysokie ci\u015bnienie w\u015br\u00f3d ekspres\u00f3w przeno\u015bnych, kt\u00f3re przek\u0142ada si\u0119 na g\u0142\u0119boki smak, intensywny aromat i g\u0119st\u0105 crem\u0119.<\/li>\n<li><b>Trzy sposoby parzenia<\/b> \u2013 wybierz to, co lubisz: u\u017cywaj klasycznej mielonej kawy lub wygodnych kapsu\u0142ek w opcji na zimno lub na ciep\u0142o.<\/li>\n<li><b>Bezpieczne i wygodne parzenie<\/b> \u2013 w zestawie znajduje si\u0119 praktyczna podstawka, dzi\u0119ki kt\u00f3rej ekspres stoi stabilnie podczas parzenia, a Ty nie musisz trzyma\u0107 go w r\u0119kach i ryzykowa\u0107 poparzenia gor\u0105c\u0105 wod\u0105 lub kaw\u0105.<\/li>\n<li><b>Wygodne \u0142adowanie <\/b>\u2013 na\u0142adujesz go z gniazdka eklektycznego ale tak\u017ce z gniazdka samochodowego czy po pod\u0142\u0105czeniu power bank.<\/li>\n<li><b>To nie tylko ekspres \u2013 to \u015bwiadomy wyb\u00f3r jako\u015bci, bezpiecze\u0144stwa i wygody.<\/b> Je\u015bli zale\u017cy Ci na prawdziwym espresso w dowolnym miejscu, wybieraj urz\u0105dzenie, kt\u00f3re spe\u0142nia najwy\u017csze standardy \u2013 takie jak ten model.<\/li>\n<\/ul>\n<h2>\u27a1\ufe0f Gor\u0105ca czy zimna kawa?<\/h2>\n<p><b>Tryb 1 \u2013 Gor\u0105ca kawa z zimnej wody:<\/b><\/p>\n<ul>\n<li>Nie masz czajnika pod r\u0119k\u0105? \u017baden problem! Wlej zimn\u0105 wod\u0119 do zbiornika i przytrzymaj przycisk przez 2 sekundy, aby uruchomi\u0107 funkcj\u0119 podgrzewania (o jej aktywacji poinformuje Ci\u0119 czerwony wska\u017anik LED). Po kilku minutach urz\u0105dzenie automatycznie podgrzeje wod\u0119 do ok. <b>92 \u00b0C<\/b> i automatycznie rozpocznie proces parzenia. Uwa\u017caj woda jest gor\u0105ca wi\u0119c ekspres musi znajdowa\u0107 si\u0119 na podstawce. Ju\u017c po oko\u0142o\u00a0<b>5\u20136 minutach<\/b> Twoje aromatyczne espresso b\u0119dzie gotowe!<\/li>\n<\/ul>\n<p><b>Tryb 2 \u2013 Szybkie espresso z gor\u0105cej wody:<\/b><\/p>\n<ul>\n<li>Masz ju\u017c przygotowan\u0105 gor\u0105c\u0105 wod\u0119? Po prostu wlej j\u0105 do ekspresu i przytrzymaj przycisk przez 1 sekund\u0119. Ekspres natychmiast rozpocznie ekstrakcj\u0119 \u2013 a doskona\u0142a kawa b\u0119dzie gotowa w zaledwie <b>40 sekund<\/b>. Uwa\u017caj woda jest gor\u0105ca wi\u0119c ekspres musi znajdowa\u0107 si\u0119 na podstawce.<\/li>\n<\/ul>\n<p><b>Tryb 3 \u2013 Orze\u017awiaj\u0105ca kawa na zimno:<\/b><\/p>\n<ul>\n<li>Idealna opcja na lato lub po treningu! Wlej zimn\u0105 wod\u0119 i przytrzymaj przycisk przez 1 sekund\u0119, aby od razu przej\u015b\u0107 do parzenia bez podgrzewania. Po ok. <b>40 sekundach<\/b> otrzymasz delikatn\u0105, ch\u0142odn\u0105 kaw\u0119 cold brew \u2013 doskona\u0142\u0105 na upalne dni.<\/li>\n<\/ul>\n<h2>\u27a1\ufe0f Komplet zawiera:<\/h2>\n<ul>\n<li>przeno\u015bny ekspres do kawy<\/li>\n<li>koszyk filtracyjny z pokrywk\u0105 do parzenia kawy mielonej<\/li>\n<li>adapter do parzenia kawy z kapsu\u0142ek Nespresso<\/li>\n<li>fili\u017canka do kawy<\/li>\n<li>pier\u015bcieniowa podstawka do ekspresu do kawy<\/li>\n<li>\u0142y\u017ceczka do kawy mielonej<\/li>\n<li>kabel USB-C do \u0142adowania<\/li>\n<li>instrukcja i karta gwarancyjna<\/li>\n<li>kapsu\u0142ka<\/li>\n<\/ul>\n<p><b>Max Strefa Sp. z o.o. jest producentem i w\u0142a\u015bcicielem marki MAXTA<\/b>, co pozwala nam oferowa\u0107 produkty najwy\u017cszej jako\u015bci w konkurencyjnych cenach. Ka\u017cdy etap \u2013 od projektu, przez produkcj\u0119, a\u017c po finalne opakowanie \u2013 realizujemy samodzielnie, dzi\u0119ki czemu mamy pe\u0142n\u0105 kontrol\u0119 nad ca\u0142ym procesem.<\/p>\n<p>Nasze do\u015bwiadczenie oraz dba\u0142o\u015b\u0107 o dob\u00f3r materia\u0142\u00f3w sprawiaj\u0105, \u017ce produkty MAXTA spe\u0142niaj\u0105 oczekiwania nawet najbardziej wymagaj\u0105cych klient\u00f3w. Posiadamy r\u00f3wnie\u017c wymagane certyfikaty, kt\u00f3re potwierdzaj\u0105 bezpiecze\u0144stwo i jako\u015b\u0107 naszych produkt\u00f3w oraz ich zgodno\u015b\u0107 z\u00a0<b>obowi\u0105zuj\u0105cymi normami europejskimi.<\/b><\/p>\n<p><b>Zadbaj o wygod\u0119 u\u017cytkowania w r\u00f3\u017cnych sytuacjach:<\/b><\/p>\n<ul>\n<li>Ekspres ze stojakiem (dwa modele)<\/li>\n<li>Ekspres z du\u017cym kubkiem<\/li>\n<li>Ekspres z pier\u015bcieniow\u0105 podstawk\u0105 i ma\u0142ym kubkiem<\/li>\n<\/ul>\n<p><b>Dobierz najlepsz\u0105 opcj\u0119 dla siebie.<\/b><\/p>\n<p>Na biwak lub w samochodzie \u2013 postaw na ekspres z du\u017cym kubkiem lub pier\u015bcieniow\u0105 podstawk\u0105.<\/p>\n<p>Do biura, domu czy hotelu \u2013 wybierz model ze stojakiem, kt\u00f3ry zapewni wygod\u0119 i stabilno\u015b\u0107 podczas codziennego u\u017cytkowania.<\/p>","protected":false},"excerpt":{"rendered":"<p>Ci\u015bnieniowy ekspres do kawy przeno\u015bny automatyczny 20bar kapsu\u0142ki mielona \u27a1\ufe0f Przeno\u015bny ekspres do kawy to idealne rozwi\u0105zanie dla mi\u0142o\u015bnik\u00f3w espresso, kt\u00f3rzy nie chc\u0105 rezygnowa\u0107 z ulubionej kawy w podr\u00f3\u017cy, pracy<\/p>","protected":false},"featured_media":3164,"comment_status":"open","ping_status":"closed","template":"","meta":[],"product_brand":[161],"product_cat":[193,198],"product_tag":[],"class_list":{"0":"post-3072","1":"product","2":"type-product","3":"status-publish","4":"has-post-thumbnail","6":"product_brand-maxta","7":"product_cat-dom_i_podroze","8":"product_cat-kawa_w_podrozy","10":"first","11":"instock","12":"shipping-taxable","13":"purchasable","14":"product-type-simple"},"_links":{"self":[{"href":"https:\/\/maxta.pl\/en\/wp-json\/wp\/v2\/product\/3072","targetHints":{"allow":["GET"]}}],"collection":[{"href":"https:\/\/maxta.pl\/en\/wp-json\/wp\/v2\/product"}],"about":[{"href":"https:\/\/maxta.pl\/en\/wp-json\/wp\/v2\/types\/product"}],"replies":[{"embeddable":true,"href":"https:\/\/maxta.pl\/en\/wp-json\/wp\/v2\/comments?post=3072"}],"version-history":[{"count":1,"href":"https:\/\/maxta.pl\/en\/wp-json\/wp\/v2\/product\/3072\/revisions"}],"predecessor-version":[{"id":3297,"href":"https:\/\/maxta.pl\/en\/wp-json\/wp\/v2\/product\/3072\/revisions\/3297"}],"wp:featuredmedia":[{"embeddable":true,"href":"https:\/\/maxta.pl\/en\/wp-json\/wp\/v2\/media\/3164"}],"wp:attachment":[{"href":"https:\/\/maxta.pl\/en\/wp-json\/wp\/v2\/media?parent=3072"}],"wp:term":[{"taxonomy":"product_brand","embeddable":true,"href":"https:\/\/maxta.pl\/en\/wp-json\/wp\/v2\/product_brand?post=3072"},{"taxonomy":"product_cat","embeddable":true,"href":"https:\/\/maxta.pl\/en\/wp-json\/wp\/v2\/product_cat?post=3072"},{"taxonomy":"product_tag","embeddable":true,"href":"https:\/\/maxta.pl\/en\/wp-json\/wp\/v2\/product_tag?post=3072"}],"curies":[{"name":"wp","href":"https:\/\/api.w.org\/{rel}","templated":true}]}}