{"id":3091,"date":"2026-01-22T22:52:06","date_gmt":"2026-01-22T21:52:06","guid":{"rendered":"https:\/\/maxta.pl\/product\/kuweta-automatyczna-dla-kota-kotow-samoczyszczaca-aplikacja-inteligentna-icb018\/"},"modified":"2026-02-08T17:23:57","modified_gmt":"2026-02-08T16:23:57","slug":"kuweta-automatyczna-dla-kota-kotow-samoczyszczaca-aplikacja-inteligentna-icb018","status":"publish","type":"product","link":"https:\/\/maxta.pl\/en\/product\/kuweta-automatyczna-dla-kota-kotow-samoczyszczaca-aplikacja-inteligentna-icb018\/","title":{"rendered":"KUWETA AUTOMATYCZNA DLA KOTA KOT\u00d3W SAMOCZYSZCZ\u0104CA APLIKACJA INTELIGENTNA ICB018"},"content":{"rendered":"<h1>KUWETA AUTOMATYCZNA DLA KOTA KOT\u00d3W SAMOCZYSZCZ\u0104CA APLIKACJA INTELIGENTNA<\/h1>\n<p><\/br><\/p>\n<p>\u27a1\ufe0f Poznaj automatyczn\u0105 kuwet\u0119 <strong>CH-ICB018<\/strong> od <strong>MAXTA<\/strong>, zaprojektowan\u0105, by zapewni\u0107 <strong>czysto\u015b\u0107 i komfort<\/strong> Twojemu pupilowi, jednocze\u015bnie <strong>minimalizuj\u0105c czas<\/strong> po\u015bwi\u0119cony na codzienn\u0105 piel\u0119gnacj\u0119<\/p>\n<p><\/br><\/p>\n<p>\u27a1\ufe0f Dzi\u0119ki innowacyjnej technologii i inteligentnym funkcjom, <strong>zadbasz o higien\u0119 bez wysi\u0142ku.<\/strong><\/p>\n<p><\/br><\/p>\n<h2>\u2705 Najwa\u017cniejsze cechy produktu:<\/h2>\n<p><\/br><\/p>\n<ul><\/br><\/p>\n<li><strong>Automatyczne czyszczenie:<\/strong> Samoczynne usuwanie nieczysto\u015bci dzi\u0119ki obrotowemu b\u0119bnowi i siatce filtruj\u0105cej<\/li>\n<p><\/br><\/p>\n<li><strong>Wbudowana aromaterapia:<\/strong> Mo\u017cliwo\u015b\u0107 monta\u017cu wk\u0142adu dezodoryzuj\u0105cego dla zapewnienia efektu od\u015bwie\u017cania<\/li>\n<p><\/br><\/p>\n<li><strong>\u0141\u0105czno\u015b\u0107 Wi-Fi i Aplikacja:<\/strong> Sterowanie i monitorowanie urz\u0105dzenia za pomoc\u0105 aplikacji &#8222;Tuya Smart&#8221;<\/li>\n<p><\/br><\/p>\n<li><strong>Inteligentne czujniki:<\/strong> Wyposa\u017cona w czujnik grawitacyjny i czujnik podczerwieni do monitorowania wagi i zape\u0142nienia pojemnika<\/li>\n<p><\/br><\/p>\n<li><strong>System zabezpiecze\u0144:<\/strong> Ochrona przed zaci\u015bni\u0119ciem (sygnalizowana migaj\u0105cym \u017c\u00f3\u0142tym \u015bwiat\u0142em) i wy\u0142\u0105czanie zasilania przy dodawaniu \u017cwirku<\/li>\n<p><\/br><\/p>\n<li><strong>Du\u017ca pojemno\u015b\u0107:<\/strong> Pojemnik na zu\u017cyty \u017cwirek o pojemno\u015bci 8L<\/li>\n<p><\/br><\/ul>\n<p><\/br><\/p>\n<h2>\u2714\ufe0f Specyfikacja techniczna:<\/h2>\n<p><\/br><\/p>\n<ul><\/br><\/p>\n<li><strong>Napi\u0119cie znamionowe:\u00a0<\/strong>12V<\/li>\n<p><\/br><\/p>\n<li><strong>Moc znamionowa:<\/strong> 9W<\/li>\n<p><\/br><\/p>\n<li><strong>Zasilacz:<\/strong> AC 100-240 V, DC 5 V 1 A<\/li>\n<p><\/br><\/p>\n<li><strong>Rozmiar produktu: <\/strong>535 x 535 x 600 mm<\/li>\n<p><\/br><\/p>\n<li><strong>Pojemno\u015b\u0107 pojemnika na odchody:<\/strong> 8L<\/li>\n<p><\/br><\/p>\n<li><strong>Czujniki:<\/strong> Czujnik grawitacyjny, czujnik podczerwieni<\/li>\n<p><\/br><\/p>\n<li><strong>Waga urz\u0105dzenia: <\/strong>13 kg<\/li>\n<p><\/br><\/p>\n<li><strong>\u0141\u0105cze radiowe &#8211; pasmo:<\/strong> 2,4G<\/li>\n<p><\/br><\/p>\n<li><strong>Zalecana \u015brednica \u017cwirku dla kota:<\/strong> &gt;1,5 mm<\/li>\n<p><\/br><\/p>\n<li><strong>Maksymalna waga \u017cwirku dla kota:<\/strong> &gt; 5 kg<\/li>\n<p><\/br><\/ul>\n<p><\/br><\/p>\n<h2>\u26a0\ufe0f Wa\u017cne informacje:<\/h2>\n<p><\/br><\/p>\n<ul><\/br><\/p>\n<li>Dla koci\u0105t wa\u017c\u0105cych poni\u017cej <strong>1,5 kg<\/strong> zalecane jest u\u017cycie <strong>trybu r\u0119cznego.<\/strong><\/li>\n<p><\/br><\/p>\n<li>Nie wolno ustawia\u0107 kuwety na <strong>dywanach, \u015bliskich<\/strong> lub <strong>nier\u00f3wnych powierzchniach<\/strong> \u2013 grozi to nieprawid\u0142owym wa\u017ceniem i awari\u0105.<\/li>\n<p><\/br><\/p>\n<li>Maksymalna waga \u017cwirku to <strong>5 kg<\/strong>, a jego poziom nie powinien przekracza\u0107 wysoko\u015bci maty.<\/li>\n<p><\/br><\/ul>\n<p><\/br><\/p>\n<h2>\u27a1\ufe0f Zestaw zawiera:<\/h2>\n<p><\/br><\/p>\n<ul><\/br><\/p>\n<li>Automatyczn\u0105 <strong>kuwet\u0119<\/strong> dla kota<\/li>\n<p><\/br><\/p>\n<li><strong>Zasilacz<\/strong><\/li>\n<p><\/br><\/p>\n<li><strong>Instrukcj\u0119 i Kart\u0119<\/strong> Gwarancyjn\u0105<\/li>\n<p><\/br><\/p>\n<li><strong>N\u00f3\u017cki<\/strong><\/li>\n<p><\/br><\/p>\n<li><strong>Kosz <\/strong>na zu\u017cyty \u017cwirek<\/li>\n<p><\/br><\/p>\n<li><strong>Wk\u0142ad <\/strong>do aromaterapii i <strong>worki<\/strong><\/li>\n<p><\/br><\/ul>\n<p><\/br><\/p>\n<h2>\u2b50 Dlaczego warto wybra\u0107 kuwet\u0119 samoczyszcz\u0105c\u0105 CH-ICB018?<\/h2>\n<p><\/br><\/p>\n<ul><\/br><\/p>\n<li><strong>Neutralizacja zapach\u00f3w:<\/strong> Mo\u017cliwo\u015b\u0107 u\u017cycia wk\u0142adu z aromaterapi\u0105 dla efektu dezodoryzacji.<\/li>\n<p><\/br><\/p>\n<li><strong>Inteligentne sterowanie:<\/strong> Monitorowanie i obs\u0142uga urz\u0105dzenia zdalnie przez aplikacj\u0119 &#8222;Tuya Smart&#8221; dzi\u0119ki \u0142\u0105czno\u015bci Wi-Fi 2,4G.<\/li>\n<p><\/br><\/p>\n<li><strong>Pe\u0142ne bezpiecze\u0144stwo:<\/strong> System czujnik\u00f3w (grawitacyjny, podczerwieni) zapewnia bezpiecze\u0144stwo (np. ochrona przed zaci\u015bni\u0119ciem) i precyzyjny pomiar wagi kota.<\/li>\n<p><\/br><\/p>\n<li><strong>Czysto\u015b\u0107 i wygoda:<\/strong> Automatyczne usuwanie zu\u017cytego \u017cwirku zapewnia czysto\u015b\u0107 dla Twojego kota i minimalizuje Tw\u00f3j czas na sprz\u0105tanie.<\/li>\n<p><\/br><\/ul>\n<p><\/br><\/p>\n<p><strong>\u0141atwy demonta\u017c &#8211;<\/strong> ca\u0142\u0105 g\u00f3rn\u0105 cz\u0119\u015b\u0107 mo\u017cesz zdemontowa\u0107 i umy\u0107 pod prysznicem zapewniaj\u0105c odpowiedni komfort swojemu kotu.<\/p>\n<p><\/br><\/p>\n<p><strong>Max Strefa Sp. z o.o. jest producentem i w\u0142a\u015bcicielem marki MAXTA<\/strong>, co pozwala nam oferowa\u0107 produkty najwy\u017cszej jako\u015bci w konkurencyjnych cenach. Ka\u017cdy etap \u2013 od projektu, przez produkcj\u0119, a\u017c po finalne opakowanie \u2013 realizujemy samodzielnie, dzi\u0119ki czemu mamy pe\u0142n\u0105 kontrol\u0119 nad ca\u0142ym procesem.<\/p>\n<p><\/br><\/p>\n<p>Nasze do\u015bwiadczenie oraz dba\u0142o\u015b\u0107 o dob\u00f3r materia\u0142\u00f3w sprawiaj\u0105, \u017ce produkty MAXTA spe\u0142niaj\u0105 oczekiwania nawet najbardziej wymagaj\u0105cych klient\u00f3w. Posiadamy r\u00f3wnie\u017c wymagane certyfikaty, kt\u00f3re potwierdzaj\u0105 bezpiecze\u0144stwo i jako\u015b\u0107 naszych produkt\u00f3w oraz ich zgodno\u015b\u0107 z\u00a0<strong>obowi\u0105zuj\u0105cymi normami europejskimi.<\/strong><\/p>","protected":false},"excerpt":{"rendered":"<p>KUWETA AUTOMATYCZNA DLA KOTA KOT\u00d3W SAMOCZYSZCZ\u0104CA APLIKACJA INTELIGENTNA \u27a1\ufe0f Poznaj automatyczn\u0105 kuwet\u0119 CH-ICB018 od MAXTA, zaprojektowan\u0105, by zapewni\u0107 czysto\u015b\u0107 i komfort Twojemu pupilowi, jednocze\u015bnie minimalizuj\u0105c czas po\u015bwi\u0119cony na codzienn\u0105 piel\u0119gnacj\u0119<\/p>","protected":false},"featured_media":3175,"comment_status":"open","ping_status":"closed","template":"","meta":[],"product_brand":[161],"product_cat":[192,197],"product_tag":[],"class_list":{"0":"post-3091","1":"product","2":"type-product","3":"status-publish","4":"has-post-thumbnail","6":"product_brand-maxta","7":"product_cat-dla_zwierzat","8":"product_cat-kuwety_automatyczne_i_akcesoria","10":"first","11":"instock","12":"shipping-taxable","13":"purchasable","14":"product-type-simple"},"_links":{"self":[{"href":"https:\/\/maxta.pl\/en\/wp-json\/wp\/v2\/product\/3091","targetHints":{"allow":["GET"]}}],"collection":[{"href":"https:\/\/maxta.pl\/en\/wp-json\/wp\/v2\/product"}],"about":[{"href":"https:\/\/maxta.pl\/en\/wp-json\/wp\/v2\/types\/product"}],"replies":[{"embeddable":true,"href":"https:\/\/maxta.pl\/en\/wp-json\/wp\/v2\/comments?post=3091"}],"version-history":[{"count":1,"href":"https:\/\/maxta.pl\/en\/wp-json\/wp\/v2\/product\/3091\/revisions"}],"predecessor-version":[{"id":3286,"href":"https:\/\/maxta.pl\/en\/wp-json\/wp\/v2\/product\/3091\/revisions\/3286"}],"wp:featuredmedia":[{"embeddable":true,"href":"https:\/\/maxta.pl\/en\/wp-json\/wp\/v2\/media\/3175"}],"wp:attachment":[{"href":"https:\/\/maxta.pl\/en\/wp-json\/wp\/v2\/media?parent=3091"}],"wp:term":[{"taxonomy":"product_brand","embeddable":true,"href":"https:\/\/maxta.pl\/en\/wp-json\/wp\/v2\/product_brand?post=3091"},{"taxonomy":"product_cat","embeddable":true,"href":"https:\/\/maxta.pl\/en\/wp-json\/wp\/v2\/product_cat?post=3091"},{"taxonomy":"product_tag","embeddable":true,"href":"https:\/\/maxta.pl\/en\/wp-json\/wp\/v2\/product_tag?post=3091"}],"curies":[{"name":"wp","href":"https:\/\/api.w.org\/{rel}","templated":true}]}}