{"id":3099,"date":"2026-01-22T22:52:09","date_gmt":"2026-01-22T21:52:09","guid":{"rendered":"https:\/\/maxta.pl\/product\/ladowarka-szybka-zasilacz-pd3-0-pps-qc3-0-samsung-sfc-2-usb-c-65w-gan-e30a\/"},"modified":"2026-02-08T17:21:51","modified_gmt":"2026-02-08T16:21:51","slug":"ladowarka-szybka-zasilacz-pd3-0-pps-qc3-0-samsung-sfc-2-usb-c-65w-gan-e30a","status":"publish","type":"product","link":"https:\/\/maxta.pl\/en\/product\/ladowarka-szybka-zasilacz-pd3-0-pps-qc3-0-samsung-sfc-2-usb-c-65w-gan-e30a\/","title":{"rendered":"\u0141ADOWARKA SZYBKA ZASILACZ PD3.0 PPS QC3.0 Samsung SFC\u201d 2 USB-C 65W GaN E30A"},"content":{"rendered":"<h1>\u0141ADOWARKA SZYBKA SAMSUNG IPHONE USB-C ZASILACZ SZYBKIE \u0141ADOWANIE 65W E30A<\/h1>\n<p>\u27a1\ufe0f Poznaj kompaktow\u0105 i nowoczesn\u0105 <b>SZYBK\u0104 \u0141ADOWARK\u0118 65W<\/b> (Model <b>E30A<\/b>) od <b>MAXTA<\/b>, kt\u00f3ra dzi\u0119ki technologii i inteligentnemu zarz\u0105dzaniu moc\u0105 oferuje <b>wydajne, szybkie i bezpieczne \u0142adowanie<\/b> Twoich urz\u0105dze\u0144 mobilnych \u2013 od smartfon\u00f3w i tablet\u00f3w po laptopy.<\/p>\n<p>\u27a1\ufe0f <b>Trzy porty<\/b> (<b>2x USB-C<\/b> i <b>1x USB-A<\/b>) w kompaktowej obudowie \u2013 <b>idealna do domu i w podr\u00f3\u017cy<\/b>.<\/p>\n<h2>\u2705 Najwa\u017cniejsze cechy produktu:<\/h2>\n<ul>\n<li><b>Moc do 65W<\/b> \u2013 b\u0142yskawicznie na\u0142adujesz nawet wi\u0119ksze urz\u0105dzenia, takie jak laptopy, korzystaj\u0105c z jednego portu USB-C1 lub USB-C2.<\/li>\n<li><b>Trzy porty:<\/b> Mo\u017cliwo\u015b\u0107 jednoczesnego \u0142adowania wielu urz\u0105dze\u0144 (2x USB-C, 1x USB-A).<\/li>\n<li><b>Inteligentna kontrola temperatury:<\/b> Posiada inteligentn\u0105 funkcj\u0119 kontroli temperatury (NTC), kt\u00f3ra automatycznie dostosowuje moc wyj\u015bciow\u0105, aby zapobiec przegrzaniu i chroni\u0107 Twoje urz\u0105dzenia.<\/li>\n<li><b>Automatyczny rozdzia\u0142 mocy:<\/b> \u0141adowarka automatycznie zarz\u0105dza rozdzia\u0142em mocy w zale\u017cno\u015bci od liczby pod\u0142\u0105czonych urz\u0105dze\u0144.<\/li>\n<li><b>Materia\u0142 trudnopalny:<\/b> Obudowa wykonana z PC V-0 poliw\u0119glanu (trudno zapalny), co zwi\u0119ksza bezpiecze\u0144stwo.<\/li>\n<li><b>Uniwersalne napi\u0119cie wej\u015bciowe:<\/b> AC 100-240V \u2013 idealna w podr\u00f3\u017cy na ca\u0142ym \u015bwiecie.<\/li>\n<\/ul>\n<p>Obs\u0142ugiwane protoko\u0142y szybkiego \u0142adowania:<\/p>\n<p>\u2714 Power Delivery 3.0 (PD)<\/p>\n<p>\u2714 PPS (Programmable Power Supply)<\/p>\n<p>\u2714 Quick Charge 3.0 \/ 2.0<\/p>\n<p>\u2714 Samsung AFC \/ FCP \/ SCP<\/p>\n<p>\u2714 Huawei FCP \/ SCP<\/p>\n<p>\u2714 Apple 2.4A<\/p>\n<p>\u2714 Samsung 5V\/2A<\/p>\n<p>\u2714 DCP 1.5A<\/p>\n<p>\u2714 Kompatybilno\u015b\u0107 z QC4.0 \/ QC4+ poprzez PD + PPS<\/p>\n<p>\u2714 Kompatybilno\u015b\u0107 z Samsung Super Fast Charging \/ SFC 2.0<\/p>\n<h2>\u2714\ufe0f Specyfikacja techniczna:<\/h2>\n<ul>\n<li><b>Moc ca\u0142kowita:\u00a0<\/b>65W Max<\/li>\n<li><b>Wej\u015bcie:<\/b> AC 100-240V 50\/60Hz 1.8A Max<\/li>\n<li><b>Wyj\u015bcie USB-C1 (PD):<\/b> DC 5V\/3A, 9V\/3A,12V\/3A,15V\/3A, 20V\/3.25A (65W)<\/li>\n<li><b>Wyj\u015bcie USB-C2:<\/b> DC 5V\/3A, 9V\/3A,12V\/3A,15V\/3A, 20V\/3.25A (65W)<\/li>\n<li><b>Wyj\u015bcie USB-A: <\/b>DC 5V\/3A, 9V\/2A,12V\/1.5A, 10V\/2.25A (22.5W)<\/li>\n<li><b>USB-C1+USB-C2:<\/b> 45W+20W<\/li>\n<li><b>USB-C1+USB-A:<\/b> 45W+18W<\/li>\n<li><b>USB-C2+USB-A:<\/b> 7.5W+7.5W<\/li>\n<li><b>USB-C1+USB-C2+USB-A:<\/b> 45W+7.5W+7.5W<\/li>\n<li><b>Wymiary:<\/b> 56&#215;46.5x33mm<\/li>\n<li><b>Materia\u0142:<\/b> PC V-0 poliw\u0119glan (trudno zapalny)<\/li>\n<\/ul>\n<h2>\u2b50 Idealna do:<\/h2>\n<ul>\n<li><b>Laptop\u00f3w<\/b> (USB-C1).<\/li>\n<li><b>Smartfon\u00f3w i tablet\u00f3w<\/b> (USB-C2 i USB-A).<\/li>\n<li><b>Wielu urz\u0105dze\u0144 jednocze\u015bnie.<\/b><\/li>\n<\/ul>\n<h2>\u27a1\ufe0f Zestaw zawiera:<\/h2>\n<ul>\n<li>Szybka <b>\u0142adowarka<\/b> 65W<\/li>\n<li><b>Instrukcja i Karta<\/b> Gwarancyjna<\/li>\n<\/ul>\n<h2>\u2b50 Dlaczego warto wybra\u0107 \u0142adowark\u0119 65W E30A?<\/h2>\n<ul>\n<li><b>Uniwersalna moc:<\/b> Jeden adapter do \u0142adowania laptopa (65W) i jednocze\u015bnie dw\u00f3ch innych urz\u0105dze\u0144.<\/li>\n<li><b>Bezpiecze\u0144stwo:<\/b> Materia\u0142 obudowy trudnopalny i inteligentna kontrola temperatury zapobiegaj\u0105ca przegrzaniu.<\/li>\n<li><b>Efektywno\u015b\u0107:<\/b> Automatyczne zarz\u0105dzanie moc\u0105 gwarantuje optymalne i szybkie \u0142adowanie pod\u0142\u0105czonych urz\u0105dze\u0144.<\/li>\n<li><b>Kompatybilno\u015b\u0107:<\/b> Szeroka gama napi\u0119\u0107 wyj\u015bciowych i obs\u0142uga popularnych standard\u00f3w.<\/li>\n<\/ul>\n<p><b>Max Strefa Sp. z o.o. jest producentem i w\u0142a\u015bcicielem marki MAXTA<\/b>, co pozwala nam oferowa\u0107 produkty najwy\u017cszej jako\u015bci w konkurencyjnych cenach. Ka\u017cdy etap \u2013 od projektu, przez produkcj\u0119, a\u017c po finalne opakowanie \u2013 realizujemy samodzielnie, dzi\u0119ki czemu mamy pe\u0142n\u0105 kontrol\u0119 nad ca\u0142ym procesem.<\/p>\n<p><\/br><\/p>\n<p>Nasze do\u015bwiadczenie oraz dba\u0142o\u015b\u0107 o dob\u00f3r materia\u0142\u00f3w sprawiaj\u0105, \u017ce produkty MAXTA spe\u0142niaj\u0105 oczekiwania nawet najbardziej wymagaj\u0105cych klient\u00f3w. Posiadamy r\u00f3wnie\u017c wymagane certyfikaty, kt\u00f3re potwierdzaj\u0105 bezpiecze\u0144stwo i jako\u015b\u0107 naszych produkt\u00f3w oraz ich zgodno\u015b\u0107 z\u00a0<b>obowi\u0105zuj\u0105cymi normami europejskimi.<\/b><\/p>","protected":false},"excerpt":{"rendered":"<p>\u0141ADOWARKA SZYBKA SAMSUNG IPHONE USB-C ZASILACZ SZYBKIE \u0141ADOWANIE 65W E30A \u27a1\ufe0f Poznaj kompaktow\u0105 i nowoczesn\u0105 SZYBK\u0104 \u0141ADOWARK\u0118 65W (Model E30A) od MAXTA, kt\u00f3ra dzi\u0119ki technologii i inteligentnemu zarz\u0105dzaniu moc\u0105 oferuje<\/p>","protected":false},"featured_media":3179,"comment_status":"open","ping_status":"closed","template":"","meta":[],"product_brand":[161],"product_cat":[194,208],"product_tag":[],"class_list":{"0":"post-3099","1":"product","2":"type-product","3":"status-publish","4":"has-post-thumbnail","6":"product_brand-maxta","7":"product_cat-elektronika__smart","8":"product_cat-ladowarki_quick_charge","10":"first","11":"instock","12":"shipping-taxable","13":"purchasable","14":"product-type-simple"},"_links":{"self":[{"href":"https:\/\/maxta.pl\/en\/wp-json\/wp\/v2\/product\/3099","targetHints":{"allow":["GET"]}}],"collection":[{"href":"https:\/\/maxta.pl\/en\/wp-json\/wp\/v2\/product"}],"about":[{"href":"https:\/\/maxta.pl\/en\/wp-json\/wp\/v2\/types\/product"}],"replies":[{"embeddable":true,"href":"https:\/\/maxta.pl\/en\/wp-json\/wp\/v2\/comments?post=3099"}],"version-history":[{"count":1,"href":"https:\/\/maxta.pl\/en\/wp-json\/wp\/v2\/product\/3099\/revisions"}],"predecessor-version":[{"id":3283,"href":"https:\/\/maxta.pl\/en\/wp-json\/wp\/v2\/product\/3099\/revisions\/3283"}],"wp:featuredmedia":[{"embeddable":true,"href":"https:\/\/maxta.pl\/en\/wp-json\/wp\/v2\/media\/3179"}],"wp:attachment":[{"href":"https:\/\/maxta.pl\/en\/wp-json\/wp\/v2\/media?parent=3099"}],"wp:term":[{"taxonomy":"product_brand","embeddable":true,"href":"https:\/\/maxta.pl\/en\/wp-json\/wp\/v2\/product_brand?post=3099"},{"taxonomy":"product_cat","embeddable":true,"href":"https:\/\/maxta.pl\/en\/wp-json\/wp\/v2\/product_cat?post=3099"},{"taxonomy":"product_tag","embeddable":true,"href":"https:\/\/maxta.pl\/en\/wp-json\/wp\/v2\/product_tag?post=3099"}],"curies":[{"name":"wp","href":"https:\/\/api.w.org\/{rel}","templated":true}]}}