{"id":3106,"date":"2026-01-22T22:52:13","date_gmt":"2026-01-22T21:52:13","guid":{"rendered":"https:\/\/maxta.pl\/product\/bezprzewodowy-mocny-odkurzacz-samochodowy-3w1-z-pompka-maly-domowy-v23s\/"},"modified":"2026-02-08T17:20:52","modified_gmt":"2026-02-08T16:20:52","slug":"bezprzewodowy-mocny-odkurzacz-samochodowy-3w1-z-pompka-maly-domowy-v23s","status":"publish","type":"product","link":"https:\/\/maxta.pl\/en\/product\/bezprzewodowy-mocny-odkurzacz-samochodowy-3w1-z-pompka-maly-domowy-v23s\/","title":{"rendered":"Bezprzewodowy mocny odkurzacz samochodowy 3w1 z pompk\u0105 ma\u0142y domowy V23S"},"content":{"rendered":"<h1>Bezprzewodowy mocny odkurzacz samochodowy 3w1 z pompk\u0105<\/h1>\n<p>\u27a1\ufe0f <b>Poznaj nowoczesny, wszechstronny i niezwykle praktyczny odkurzacz bezprzewodowy 3w1 V23S,<\/b> kt\u00f3ry \u0142\u0105czy w sobie trzy funkcje w jednym urz\u0105dzeniu: odkurzacz r\u0119czny, pompk\u0119 powietrza oraz dmuchaw\u0119. To idealny pomocnik do domu, samochodu, biura czy podr\u00f3\u017cy \u2013 zawsze gotowy do dzia\u0142ania tam, gdzie go potrzebujesz.<\/p>\n<p><b>\u27a1\ufe0f Dzi\u0119ki silnikowi o pr\u0119dko\u015bci do 82 600 obr.\/min, mocy 150 W i sile ssania do 18 kPa<\/b> urz\u0105dzenie z \u0142atwo\u015bci\u0105 usuwa kurz, sier\u015b\u0107, okruchy czy py\u0142 nawet z trudno dost\u0119pnych miejsc. Funkcja nadmuchu sprawdzi si\u0119 przy pompowaniu materacy, balon\u00f3w czy zabawek pla\u017cowych.<\/p>\n<p><b>\u27a1\ufe0f<\/b> <b>Dwa filtr dla lepszej czysto\u015bci powietrza. <\/b>Pierwszy stalowy filtr wychwytuje wi\u0119ksze nieczysto\u015bci jak w\u0142osy, drobne elementy. Drugi filtr hepa zatrzymuje drobne py\u0142ki kurzu.<\/p>\n<h2>\u27a1\ufe0f 3 funkcje w jednym urz\u0105dzeniu:<\/h2>\n<p><b>Odkurzanie<\/b>: usuwa kurz, okruchy, sier\u015b\u0107 i py\u0142 z pod\u0142\u00f3g, mebli, samochodu czy trudno dost\u0119pnych zakamark\u00f3w.<\/p>\n<p><b>Pompka powietrza:<\/b> szybkie nadmuchanie materacy, zabawek, balon\u00f3w czy sprz\u0119tu turystycznego.<\/p>\n<p><b>Dmuchawa:<\/b> silny strumie\u0144 powietrza usuwa kurz z trudno dost\u0119pnych miejsc.<\/p>\n<h2>\u2705 Specyfikacja:<\/h2>\n<p><\/br><\/p>\n<ul><\/br><\/p>\n<li><b>Silnik:<\/b> do 82 600 obr.\/min<\/li>\n<p><\/br><\/p>\n<li><b>Moc:<\/b> 115 W\u00a0<\/li>\n<p><\/br><\/p>\n<li><b>Si\u0142a ssania:<\/b> do 18 kPa (18 000 kPa) (3 biegi &#8211; r\u00f3\u017cna moc w zale\u017cno\u015bci od potrzeby)<\/li>\n<p><\/br><\/p>\n<li><b>Zasilanie:<\/b> Akumulatorowe, bezprzewodowe<\/li>\n<p><\/br><\/p>\n<li><b>Funkcja pompki:<\/b> Tak \u2013 pompowanie materacy, balon\u00f3w, zabawek pla\u017cowych<\/li>\n<p><\/br><\/p>\n<li><b>Funkcja nadmuchu:<\/b> Tak &#8211; zdmuchiwanie kurzu z trudno dost\u0119pnych miejsc (klawiatura komputerowa)<\/li>\n<p><\/br><\/p>\n<li><b>Cechy dodatkowe:<\/b> Kompaktowa konstrukcja, mobilno\u015b\u0107, \u0142atwa obs\u0142uga<\/li>\n<p><\/br><\/p>\n<li><b>Szybka \u0142adowarka:<\/b> Tak &#8211; obs\u0142uguje wszystkie typy \u0142adowarek 5V\/3A<\/li>\n<p><\/br><\/p>\n<li><b>Filtry<\/b>: filtr metalowy i filtr Hepa- czyszczenie z kurzu w wodzie<\/li>\n<p><\/br><\/ul>\n<h2>\u2705 Zestaw zawiera:<\/h2>\n<ul>\n<li>Odkurzacz<\/li>\n<li>Dysza powietrzna pod ci\u015bnieniem (do nadmuchiwania balon\u00f3w)<\/li>\n<li>D\u0142uga dysza nadmuchowa (do usuwania kurzu)<\/li>\n<li>Dysza do pompowania np. materacy<\/li>\n<li>Dysza do nadmuchiwania ze szczotk\u0105<\/li>\n<li>Rura przed\u0142u\u017caj\u0105ca<\/li>\n<li>Dysza do zasysania pr\u00f3\u017cniowego<\/li>\n<li>Szeroka dysza ss\u0105ca<\/li>\n<li>D\u0142uga dysza ss\u0105ca (do trudno dost\u0119pnych miejsc)<\/li>\n<li>Dysza ss\u0105ca ze szczotk\u0105<\/li>\n<li>Etui do przechowywania<\/li>\n<li>Przew\u00f3d do \u0142adowania<\/li>\n<li>Instrukcja obs\u0142ug i karta gwarancyjna.<\/li>\n<\/ul>\n<p>\u2714\ufe0f <b>V23S to praktyczne urz\u0105dzenie 3w1, kt\u00f3re zosta\u0142o zaprojektowane z my\u015bl\u0105 o maksymalnej funkcjonalno\u015bci w ka\u017cdych warunkach. <\/b>Lekka, bezprzewodowa konstrukcja pozwala na wygodne sprz\u0105tanie bez ogranicze\u0144 kabli, a mocny silnik gwarantuje skuteczno\u015b\u0107 nawet przy trudno dost\u0119pnych zabrudzeniach.<\/p>\n<p><b>Max Strefa Sp. z o.o. jest producentem i w\u0142a\u015bcicielem marki MAXTA<\/b>, co pozwala nam oferowa\u0107 produkty najwy\u017cszej jako\u015bci w konkurencyjnych cenach. Ka\u017cdy etap \u2013 od projektu, przez produkcj\u0119, a\u017c po finalne opakowanie \u2013 realizujemy samodzielnie, dzi\u0119ki czemu mamy pe\u0142n\u0105 kontrol\u0119 nad ca\u0142ym procesem.<\/p>\n<p><\/br><\/p>\n<p>Nasze do\u015bwiadczenie oraz dba\u0142o\u015b\u0107 o dob\u00f3r materia\u0142\u00f3w sprawiaj\u0105, \u017ce produkty MAXTA spe\u0142niaj\u0105 oczekiwania nawet najbardziej wymagaj\u0105cych klient\u00f3w. Posiadamy r\u00f3wnie\u017c wymagane certyfikaty, kt\u00f3re potwierdzaj\u0105 bezpiecze\u0144stwo i jako\u015b\u0107 naszych produkt\u00f3w oraz ich zgodno\u015b\u0107 z\u00a0<b>obowi\u0105zuj\u0105cymi normami europejskimi.<\/b><\/p>","protected":false},"excerpt":{"rendered":"<p>Bezprzewodowy mocny odkurzacz samochodowy 3w1 z pompk\u0105 \u27a1\ufe0f Poznaj nowoczesny, wszechstronny i niezwykle praktyczny odkurzacz bezprzewodowy 3w1 V23S, kt\u00f3ry \u0142\u0105czy w sobie trzy funkcje w jednym urz\u0105dzeniu: odkurzacz r\u0119czny, pompk\u0119<\/p>","protected":false},"featured_media":3183,"comment_status":"open","ping_status":"closed","template":"","meta":[],"product_brand":[161],"product_cat":[193,201],"product_tag":[],"class_list":{"0":"post-3106","1":"product","2":"type-product","3":"status-publish","4":"has-post-thumbnail","6":"product_brand-maxta","7":"product_cat-dom_i_podroze","8":"product_cat-odkurzacze_reczne","10":"first","11":"instock","12":"shipping-taxable","13":"purchasable","14":"product-type-simple"},"_links":{"self":[{"href":"https:\/\/maxta.pl\/en\/wp-json\/wp\/v2\/product\/3106","targetHints":{"allow":["GET"]}}],"collection":[{"href":"https:\/\/maxta.pl\/en\/wp-json\/wp\/v2\/product"}],"about":[{"href":"https:\/\/maxta.pl\/en\/wp-json\/wp\/v2\/types\/product"}],"replies":[{"embeddable":true,"href":"https:\/\/maxta.pl\/en\/wp-json\/wp\/v2\/comments?post=3106"}],"version-history":[{"count":1,"href":"https:\/\/maxta.pl\/en\/wp-json\/wp\/v2\/product\/3106\/revisions"}],"predecessor-version":[{"id":3279,"href":"https:\/\/maxta.pl\/en\/wp-json\/wp\/v2\/product\/3106\/revisions\/3279"}],"wp:featuredmedia":[{"embeddable":true,"href":"https:\/\/maxta.pl\/en\/wp-json\/wp\/v2\/media\/3183"}],"wp:attachment":[{"href":"https:\/\/maxta.pl\/en\/wp-json\/wp\/v2\/media?parent=3106"}],"wp:term":[{"taxonomy":"product_brand","embeddable":true,"href":"https:\/\/maxta.pl\/en\/wp-json\/wp\/v2\/product_brand?post=3106"},{"taxonomy":"product_cat","embeddable":true,"href":"https:\/\/maxta.pl\/en\/wp-json\/wp\/v2\/product_cat?post=3106"},{"taxonomy":"product_tag","embeddable":true,"href":"https:\/\/maxta.pl\/en\/wp-json\/wp\/v2\/product_tag?post=3106"}],"curies":[{"name":"wp","href":"https:\/\/api.w.org\/{rel}","templated":true}]}}