{"id":3116,"date":"2026-01-22T22:52:18","date_gmt":"2026-01-22T21:52:18","guid":{"rendered":"https:\/\/maxta.pl\/product\/panel-led-2-szt-diabelskie-oczy-tir-ciezarowka-wyswietlacz-cyfrowy-35x10-k6\/"},"modified":"2026-02-08T17:18:04","modified_gmt":"2026-02-08T16:18:04","slug":"panel-led-2-szt-diabelskie-oczy-tir-ciezarowka-wyswietlacz-cyfrowy-35x10-k6","status":"publish","type":"product","link":"https:\/\/maxta.pl\/en\/product\/panel-led-2-szt-diabelskie-oczy-tir-ciezarowka-wyswietlacz-cyfrowy-35x10-k6\/","title":{"rendered":"PANEL LED 2 szt diabelskie oczy TIR CI\u0118\u017bAR\u00d3WKA WY\u015aWIETLACZ CYFROWY 35&#215;10 K6"},"content":{"rendered":"<h1>2 sztuki PANEL LED PROGRAMOWALNY WY\u015aWIETLACZ CYFROWY LED NA SZYB\u0118 35x10cm K6 MAXTA<\/h1>\n<p>\u27a1\ufe0f <b>Wy\u015bwietlacz panel LED na szyb\u0119 K6 o d\u0142ugo\u015bci 35 cm to praktyczne rozwi\u0105zanie do prezentowania komunikat\u00f3w \u015bwietlnych.<\/b> Jasne diody LED zapewniaj\u0105 doskona\u0142\u0105 widoczno\u015b\u0107 w r\u00f3\u017cnych warunkach o\u015bwietleniowych, co zwi\u0119ksza skuteczno\u015b\u0107 przekazu. Urz\u0105dzenie charakteryzuje si\u0119 kompaktow\u0105 budow\u0105, dzi\u0119ki czemu nie zajmuje du\u017co miejsca i mo\u017cna je \u0142atwo zamontowa\u0107.<\/p>\n<p>\u27a1\ufe0f <b>Obs\u0142uga panelu jest intuicyjna,<\/b> co pozwala szybko zmienia\u0107 tre\u015bci wy\u015bwietlanych komunikat\u00f3w. Nowoczesny wygl\u0105d sprawia, \u017ce panel dobrze komponuje si\u0119 w przestrzeni, a trwa\u0142a konstrukcja gwarantuje d\u0142ug\u0105 \u017cywotno\u015b\u0107 i niezawodno\u015b\u0107 dzia\u0142ania. <b>To rozwi\u0105zanie, kt\u00f3re \u0142\u0105czy funkcjonalno\u015b\u0107, prostot\u0119 u\u017cytkowania i estetyk\u0119.<\/b><\/p>\n<h2>\u2705 Specyfikacja:<\/h2>\n<ul>\n<li><b>Model K6:<\/b> 20*64 pikseli, 35*10 cm<\/li>\n<li><b>Zasilanie:<\/b> USB 5 V\/2 A (zalecana pojemno\u015b\u0107 powerbank: co najmniej 10 000 mAh) lub wtyczka samochodowa USB.<\/li>\n<li><b>Zgodno\u015b\u0107 z aplikacj\u0105: <\/b>iOS powy\u017cej 10.0 \/ Android powy\u017cej 8.0<\/li>\n<li><b>\u0141\u0105czno\u015b\u0107: <\/b>Bluetooth minimum 5.0<\/li>\n<li><b>Pami\u0119\u0107 wbudowana: <\/b>128 MB, przechowywanie ok 80-90 program\u00f3w.<\/li>\n<li><b>Ograniczenia dla plik\u00f3w:\u00a0<\/b>filmy maksymalnie 5 sekund i 5 MB.<\/li>\n<\/ul>\n<h2>\u2705 Aplikacja:<\/h2>\n<p>Wy\u015bwietlacz LED umo\u017cliwia wy\u015bwietlanie obraz\u00f3w i animacji za po\u015brednictwem dedykowanej aplikacji mobilnej <b>LOY SPACE.<\/b> Urz\u0105dzenie wymaga zewn\u0119trznego \u017ar\u00f3d\u0142a zasilania, takiego jak\u00a0powerbank lub gniazdo USB.<\/p>\n<p>Aplikacja zawiera szablony, wizualizacje gotowe do u\u017cycia. Mo\u017cna te\u017c tworzy\u0107 samemu grafiki czy napisy (np. Imi\u0119) i wy\u015bwietla\u0107 je na pasku.<\/p>\n<p><b>\u2757Uwaga: powerbank nie jest do\u0142\u0105czony do zestawu.<\/b><\/p>\n<h2>\u27a1\ufe0f Zawarto\u015b\u0107 opakowania:<\/h2>\n<ul>\n<li>2 x Wy\u015bwietlacz LED<\/li>\n<li>2 x 5-metrowy kabel USB<\/li>\n<li>2 x Naklejki do mocowania<\/li>\n<li>2 x Pilot<\/li>\n<li>Instrukcja obs\u0142ugi w j\u0119zyku polskim<\/li>\n<\/ul>\n<p><b>Max Strefa Sp. z o.o. jest producentem i w\u0142a\u015bcicielem marki MAXTA<\/b>, co pozwala nam oferowa\u0107 produkty najwy\u017cszej jako\u015bci w konkurencyjnych cenach. Ka\u017cdy etap \u2013 od projektu, przez produkcj\u0119, a\u017c po finalne opakowanie \u2013 realizujemy samodzielnie, dzi\u0119ki czemu mamy pe\u0142n\u0105 kontrol\u0119 nad ca\u0142ym procesem. Nasze do\u015bwiadczenie oraz dba\u0142o\u015b\u0107 o dob\u00f3r materia\u0142\u00f3w sprawiaj\u0105, \u017ce produkty MAXTA spe\u0142niaj\u0105 oczekiwania nawet najbardziej wymagaj\u0105cych klient\u00f3w. Posiadamy r\u00f3wnie\u017c wymagane certyfikaty, kt\u00f3re potwierdzaj\u0105 bezpiecze\u0144stwo i jako\u015b\u0107 naszych produkt\u00f3w oraz ich zgodno\u015b\u0107 z <b>obowi\u0105zuj\u0105cymi normami europejskimi.<\/b><\/p>","protected":false},"excerpt":{"rendered":"<p>2 sztuki PANEL LED PROGRAMOWALNY WY\u015aWIETLACZ CYFROWY LED NA SZYB\u0118 35x10cm K6 MAXTA \u27a1\ufe0f Wy\u015bwietlacz panel LED na szyb\u0119 K6 o d\u0142ugo\u015bci 35 cm to praktyczne rozwi\u0105zanie do prezentowania komunikat\u00f3w<\/p>","protected":false},"featured_media":3188,"comment_status":"open","ping_status":"closed","template":"","meta":[],"product_brand":[161],"product_cat":[195,210],"product_tag":[],"class_list":{"0":"post-3116","1":"product","2":"type-product","3":"status-publish","4":"has-post-thumbnail","6":"product_brand-maxta","7":"product_cat-reklama__led","8":"product_cat-wyswietlacze_do_pojazdow","10":"first","11":"instock","12":"shipping-taxable","13":"purchasable","14":"product-type-simple"},"_links":{"self":[{"href":"https:\/\/maxta.pl\/en\/wp-json\/wp\/v2\/product\/3116","targetHints":{"allow":["GET"]}}],"collection":[{"href":"https:\/\/maxta.pl\/en\/wp-json\/wp\/v2\/product"}],"about":[{"href":"https:\/\/maxta.pl\/en\/wp-json\/wp\/v2\/types\/product"}],"replies":[{"embeddable":true,"href":"https:\/\/maxta.pl\/en\/wp-json\/wp\/v2\/comments?post=3116"}],"version-history":[{"count":1,"href":"https:\/\/maxta.pl\/en\/wp-json\/wp\/v2\/product\/3116\/revisions"}],"predecessor-version":[{"id":3274,"href":"https:\/\/maxta.pl\/en\/wp-json\/wp\/v2\/product\/3116\/revisions\/3274"}],"wp:featuredmedia":[{"embeddable":true,"href":"https:\/\/maxta.pl\/en\/wp-json\/wp\/v2\/media\/3188"}],"wp:attachment":[{"href":"https:\/\/maxta.pl\/en\/wp-json\/wp\/v2\/media?parent=3116"}],"wp:term":[{"taxonomy":"product_brand","embeddable":true,"href":"https:\/\/maxta.pl\/en\/wp-json\/wp\/v2\/product_brand?post=3116"},{"taxonomy":"product_cat","embeddable":true,"href":"https:\/\/maxta.pl\/en\/wp-json\/wp\/v2\/product_cat?post=3116"},{"taxonomy":"product_tag","embeddable":true,"href":"https:\/\/maxta.pl\/en\/wp-json\/wp\/v2\/product_tag?post=3116"}],"curies":[{"name":"wp","href":"https:\/\/api.w.org\/{rel}","templated":true}]}}