{"id":3121,"date":"2026-01-22T22:52:20","date_gmt":"2026-01-22T21:52:20","guid":{"rendered":"https:\/\/maxta.pl\/product\/panel-led-timer-tir-ciezarowka-wyswietlac-szybe-90x19cm-diabelskie-oczy-k16\/"},"modified":"2026-02-08T17:17:27","modified_gmt":"2026-02-08T16:17:27","slug":"panel-led-timer-tir-ciezarowka-wyswietlac-szybe-90x19cm-diabelskie-oczy-k16","status":"publish","type":"product","link":"https:\/\/maxta.pl\/en\/product\/panel-led-timer-tir-ciezarowka-wyswietlac-szybe-90x19cm-diabelskie-oczy-k16\/","title":{"rendered":"PANEL LED TIMER TIR CI\u0118\u017bAR\u00d3WKA WY\u015aWIETLAC SZYB\u0118 90x19cm Diabelskie oczy K16"},"content":{"rendered":"<h1>DU\u017bY PANEL LED ELASTYCZNY WY\u015aWIETLACZ LED NA SZYB\u0118 90X19cm DEVIL EYES K16 MAXTA<\/h1>\n<p>\u27a1\ufe0f <b>Panel LED elastyczny RGB do auta i sklepu. <\/b>Programowalny wy\u015bwietlacz LED sterowany przez aplikacj\u0119 Bluetooth. <b>Model K16 MAXTA<\/b> to wi\u0119kszy format wy\u015bwietlacza LED, kt\u00f3ry oferuje <b>wi\u0119cej miejsca na tekst i animacje<\/b> ni\u017c standardowe modele.<\/p>\n<p>\u27a1\ufe0f <b>Obs\u0142uga panelu jest intuicyjna,<\/b> co pozwala szybko zmienia\u0107 tre\u015bci wy\u015bwietlanych komunikat\u00f3w. Nowoczesny wygl\u0105d sprawia, \u017ce panel dobrze komponuje si\u0119 w przestrzeni, a trwa\u0142a konstrukcja gwarantuje d\u0142ug\u0105 \u017cywotno\u015b\u0107 i niezawodno\u015b\u0107 dzia\u0142ania. <b>To rozwi\u0105zanie, kt\u00f3re \u0142\u0105czy funkcjonalno\u015b\u0107, prostot\u0119 u\u017cytkowania i estetyk\u0119.<\/b><\/p>\n<h2>\u2705 Specyfikacja:<\/h2>\n<ul>\n<li><b>Model K16: <\/b>16&#215;96 pikseli, 90&#215;19,2 cm<\/li>\n<li><b>Zasilanie:<\/b> USB 5 V\/2 A, \u0142adowarka, auto (zalecana pojemno\u015b\u0107 powerbank: co najmniej 10 000 mAh)<\/li>\n<li><b>Zgodno\u015b\u0107 z aplikacj\u0105 (LOY SPACE):<\/b> iOS powy\u017cej 10.0 \/ Android powy\u017cej 8.0<\/li>\n<li><b>\u0141\u0105czno\u015b\u0107: <\/b>Bluetooth minimum 5.0<\/li>\n<li><b>Pami\u0119\u0107 wbudowana: <\/b>128 MB, przechowywanie ok 80-90 program\u00f3w.<\/li>\n<li><b>Ograniczenia dla plik\u00f3w:<\/b>\u00a0filmy maksymalnie 5 sekund i 5 MB.<\/li>\n<li><b>Elastyczna konstrukcja <\/b>\u2013 dopasowuje si\u0119 do powierzchni<\/li>\n<li>Regulacja jasno\u015bci, kolor\u00f3w RGB i efekt\u00f3w<\/li>\n<li><b>Funkcja timera<\/b> (automatyczne w\u0142\u0105czanie \/ wy\u0142\u0105czanie)<\/li>\n<li>Obs\u0142uga:\u00a0\u00a0tekst\u00f3w,\u00a0animacji, obraz\u00f3w<\/li>\n<\/ul>\n<p>Dzi\u0119ki <b>klasie IP65 <\/b>panel sprawdzi si\u0119 r\u00f3wnie\u017c w trudniejszych warunkach \u2013 kurz, wilgo\u0107 czy przypadkowe zachlapania nie stanowi\u0105 problemu. Z\u0142\u0105cza i zasilanie powinny by\u0107 chronione przed bezpo\u015brednim kontaktem z wod\u0105.<\/p>\n<h2>\u2705 Aplikacja:<\/h2>\n<p>Wy\u015bwietlacz LED umo\u017cliwia wy\u015bwietlanie obraz\u00f3w i animacji za po\u015brednictwem dedykowanej aplikacji mobilnej <b>LOY SPACE.<\/b> Urz\u0105dzenie wymaga zewn\u0119trznego \u017ar\u00f3d\u0142a zasilania, takiego jak\u00a0powerbank lub gniazdo USB.<\/p>\n<p>Aplikacja zawiera szablony, wizualizacje gotowe do u\u017cycia. Mo\u017cna te\u017c tworzy\u0107 samemu grafiki czy napisy (np. Imi\u0119) i wy\u015bwietla\u0107 je na pasku.<\/p>\n<h1>Model K16 posiada funkcj\u0119 TIMER, czyli pozwala na wy\u015bwietlanie aktualnej godziny.<\/h1>\n<h2>\u2705 Zastosowanie<\/h2>\n<ul>\n<li>reklama w samochodzie<\/li>\n<li>witryny sklepowe<\/li>\n<li>food trucki<\/li>\n<li>eventy i promocje<\/li>\n<li>komunikaty informacyjne<\/li>\n<\/ul>\n<h2>\u27a1\ufe0f Zawarto\u015b\u0107 opakowania:<\/h2>\n<ul>\n<li>Wy\u015bwietlacz LED<\/li>\n<li>5-metrowy kabel USB<\/li>\n<li>Naklejka<\/li>\n<li>Instrukcja obs\u0142ugi<\/li>\n<li>Pilot<\/li>\n<\/ul>\n<p><b>\u2757Uwaga: powerbank nie jest do\u0142\u0105czony do zestawu.<\/b><\/p>\n<p><b>Max Strefa Sp. z o.o. jest producentem i w\u0142a\u015bcicielem marki MAXTA<\/b>, co pozwala nam oferowa\u0107 produkty najwy\u017cszej jako\u015bci w konkurencyjnych cenach. Ka\u017cdy etap \u2013 od projektu, przez produkcj\u0119, a\u017c po finalne opakowanie \u2013 realizujemy samodzielnie, dzi\u0119ki czemu mamy pe\u0142n\u0105 kontrol\u0119 nad ca\u0142ym procesem. Nasze do\u015bwiadczenie oraz dba\u0142o\u015b\u0107 o dob\u00f3r materia\u0142\u00f3w sprawiaj\u0105, \u017ce produkty MAXTA spe\u0142niaj\u0105 oczekiwania nawet najbardziej wymagaj\u0105cych klient\u00f3w. Posiadamy r\u00f3wnie\u017c wymagane certyfikaty, kt\u00f3re potwierdzaj\u0105 bezpiecze\u0144stwo i jako\u015b\u0107 naszych produkt\u00f3w oraz ich zgodno\u015b\u0107 z <b>obowi\u0105zuj\u0105cymi normami europejskimi.<\/b><\/p>","protected":false},"excerpt":{"rendered":"<p>DU\u017bY PANEL LED ELASTYCZNY WY\u015aWIETLACZ LED NA SZYB\u0118 90X19cm DEVIL EYES K16 MAXTA \u27a1\ufe0f Panel LED elastyczny RGB do auta i sklepu. Programowalny wy\u015bwietlacz LED sterowany przez aplikacj\u0119 Bluetooth. Model<\/p>","protected":false},"featured_media":3191,"comment_status":"open","ping_status":"closed","template":"","meta":[],"product_brand":[161],"product_cat":[195,210],"product_tag":[],"class_list":{"0":"post-3121","1":"product","2":"type-product","3":"status-publish","4":"has-post-thumbnail","6":"product_brand-maxta","7":"product_cat-reklama__led","8":"product_cat-wyswietlacze_do_pojazdow","10":"first","11":"instock","12":"shipping-taxable","13":"purchasable","14":"product-type-simple"},"_links":{"self":[{"href":"https:\/\/maxta.pl\/en\/wp-json\/wp\/v2\/product\/3121","targetHints":{"allow":["GET"]}}],"collection":[{"href":"https:\/\/maxta.pl\/en\/wp-json\/wp\/v2\/product"}],"about":[{"href":"https:\/\/maxta.pl\/en\/wp-json\/wp\/v2\/types\/product"}],"replies":[{"embeddable":true,"href":"https:\/\/maxta.pl\/en\/wp-json\/wp\/v2\/comments?post=3121"}],"version-history":[{"count":1,"href":"https:\/\/maxta.pl\/en\/wp-json\/wp\/v2\/product\/3121\/revisions"}],"predecessor-version":[{"id":3271,"href":"https:\/\/maxta.pl\/en\/wp-json\/wp\/v2\/product\/3121\/revisions\/3271"}],"wp:featuredmedia":[{"embeddable":true,"href":"https:\/\/maxta.pl\/en\/wp-json\/wp\/v2\/media\/3191"}],"wp:attachment":[{"href":"https:\/\/maxta.pl\/en\/wp-json\/wp\/v2\/media?parent=3121"}],"wp:term":[{"taxonomy":"product_brand","embeddable":true,"href":"https:\/\/maxta.pl\/en\/wp-json\/wp\/v2\/product_brand?post=3121"},{"taxonomy":"product_cat","embeddable":true,"href":"https:\/\/maxta.pl\/en\/wp-json\/wp\/v2\/product_cat?post=3121"},{"taxonomy":"product_tag","embeddable":true,"href":"https:\/\/maxta.pl\/en\/wp-json\/wp\/v2\/product_tag?post=3121"}],"curies":[{"name":"wp","href":"https:\/\/api.w.org\/{rel}","templated":true}]}}